{"id":8152,"date":"2019-01-08T11:31:11","date_gmt":"2019-01-08T11:31:11","guid":{"rendered":"https:\/\/www.wearegecom.com\/?page_id=8152"},"modified":"2024-03-11T10:04:15","modified_gmt":"2024-03-11T10:04:15","slug":"politica-de-cookies","status":"publish","type":"page","link":"https:\/\/www.wearegecom.com\/es\/politica-de-cookies\/","title":{"rendered":"POL\u00cdTICA DE COOKIES"},"content":{"rendered":"<h2><strong><br \/>\nPOL\u00cdTICA DE COOKIES<br \/>\n<\/strong><\/h2>\n<p><em><strong><br \/>\n\u00bfQu\u00e9 son las Cookies? <\/strong><\/em><\/p>\n<p><em>Cookie es un fichero que se descarga en su ordenador al acceder a la mayor\u00eda de p\u00e1ginas Web. Las cookies permiten a una p\u00e1gina web, entre otras cosas, almacenar y recuperar informaci\u00f3n sobre los h\u00e1bitos de navegaci\u00f3n de un usuario o de su equipo y, dependiendo de la informaci\u00f3n que contengan y de la forma en que utilice su equipo, pueden utilizarse para reconocer al usuario. <\/em>Cuando acceda a una web que utiliza cookies, la web hace que el navegador cree en su equipo (ordenador, tableta, tel\u00e9fono o similar ) peque\u00f1os ficheros con informaci\u00f3n necesaria para el funcionamiento de la Web. Estos ficheros denominados cookies, forman parte de la tecnolog\u00eda necesaria para el correcto funcionamiento del sitio web<em>. Las cookies no contienen ninguna clase de informaci\u00f3n personal espec\u00edfica, y la mayor\u00eda de las mismas se borran del disco duro al finalizar la sesi\u00f3n del navegador (las denominadas cookies de sesi\u00f3n) si bien <\/em>su historial de navegaci\u00f3n y cookies se almacenan en su equipo. Las cookies, de forma similar al historial de navegaci\u00f3n o cach\u00e9 del navegador, pueden dejar un rastro sobre su actividad en l\u00ednea. Esto es especialmente importante si otras personas pueden acceder a su equipo. Por lo que en el caso de que est\u00e9 utilizando un equipo compartido, le recomendamos que antes de cerrar la sesi\u00f3n elimine la informaci\u00f3n sobre el historial de navegaci\u00f3n, cach\u00e9 y cookies.<\/p>\n<p><em>La mayor\u00eda de los navegadores aceptan como est\u00e1ndar a las cookies y, con independencia permiten o impiden en los ajustes de seguridad las cookies temporales o memorizadas. Por lo que <\/em>es posible desactivar las cookies, pero la web no funcionar\u00e1 correctamente. Puede desactivar completamente el uso de cookies en el apartado de configuraci\u00f3n de su navegador.<\/p>\n<p><em><strong>\u00bfQu\u00e9 tipos de cookies utiliza esta p\u00e1gina web? <\/strong><\/em><\/p>\n<p><em><strong>Cookies t\u00e9cnicas<\/strong><\/em><em>:<\/em><em> Son aqu\u00e9llas que permiten al usuario la navegaci\u00f3n a trav\u00e9s de una p\u00e1gina web, plataforma o aplicaci\u00f3n y la utilizaci\u00f3n de las diferentes opciones o servicios que en ella existan como, por ejemplo, controlar el tr\u00e1fico y la comunicaci\u00f3n de datos, identificar la sesi\u00f3n, acceder a partes de acceso restringido, recordar los elementos que integran un pedido, realizar el proceso de compra de un pedido, realizar la solicitud de inscripci\u00f3n o participaci\u00f3n en un evento, utilizar elementos de seguridad durante la navegaci\u00f3n, almacenar contenidos para la difusi\u00f3n de videos o sonido o compartir contenidos a trav\u00e9s de redes sociales.<\/em><\/p>\n<p><strong>\u00a0\u00a0<\/strong><strong>Cookies de personalizaci\u00f3n\u00a0<\/strong><em>\u00a0\u00a0<\/em><strong>\u00a0<\/strong><strong>:<\/strong><em> Son aqu\u00e9llas que permiten al usuario acceder al servicio con algunas caracter\u00edsticas de car\u00e1cter general predefinidas en funci\u00f3n de una serie de criterios en el terminal del usuario como por ejemplo serian el idioma, el tipo de navegador a trav\u00e9s del cual accede al servicio, la configuraci\u00f3n regional desde donde accede al servicio, etc.<\/em><\/p>\n<p><em><strong>Cookies de an\u00e1lisis:<\/strong><\/em><em> Son aqu\u00e9llas que bien tratadas por nosotros o por terceros, nos permiten cuantificar el n\u00famero de usuarios y as\u00ed realizar la medici\u00f3n y an\u00e1lisis estad\u00edstico de la utilizaci\u00f3n que hacen los usuarios del servicio ofertado. Para ello se analiza su navegaci\u00f3n en nuestra p\u00e1gina web con el fin de mejorar la oferta de productos o servicios que le ofrecemos.\u00a0<\/em><\/p>\n<p><em><strong>Cookies publicitarias:<\/strong><\/em><em> Son aqu\u00e9llas que, bien tratadas por nosotros o por terceros, nos permiten gestionar de la forma m\u00e1s eficaz posible la oferta de los espacios publicitarios que hay en la p\u00e1gina web, adecuando el contenido del anuncio al contenido del servicio solicitado o al uso que realice de nuestra p\u00e1gina web. Para ello podemos analizar sus h\u00e1bitos de navegaci\u00f3n en Internet y podemos mostrarle publicidad relacionada con su perfil de navegaci\u00f3n.<\/em><\/p>\n<p><em><strong>Cookies de publicidad comportamental<\/strong><\/em><em>:<\/em><em> Son aqu\u00e9llas que permiten la gesti\u00f3n, de la forma m\u00e1s eficaz posible, de los espacios publicitarios que, en su caso, el editor haya incluido en una p\u00e1gina web, aplicaci\u00f3n o plataforma desde la que presta el servicio solicitado. Estas cookies almacenan informaci\u00f3n del comportamiento de los usuarios obtenida a trav\u00e9s de la observaci\u00f3n continuada de sus h\u00e1bitos de navegaci\u00f3n, lo que permite desarrollar un perfil espec\u00edfico para mostrar publicidad en funci\u00f3n del mismo.<\/em><\/p>\n<p><em><strong>Cookies de terceros<\/strong><\/em><em><strong>:<\/strong><\/em><em> Esta web puede utilizar\u00a0servicios de terceros que, por cuenta de los mismos recopilaran informaci\u00f3n con fines estad\u00edsticos, de uso del Site por parte del usuario y para la prestaci\u00f3n de otros servicios relacionados con la actividad del Website y otros servicios de Internet. <\/em><\/p>\n<p>La tabla que te mostramos identifica las cookies que usamos propias y de terceros y los prop\u00f3sitos de cada una:<\/p>\n<p><em>\u00a0<\/em><\/p>\n<table width=\"504\">\n<tbody>\n<tr>\n<td width=\"54\"><strong>\u00a0<\/strong><\/p>\n<p><strong>Cookie<\/strong><\/td>\n<td width=\"63\"><strong>\u00a0<\/strong><\/p>\n<p><strong>Tipo<\/strong><\/p>\n<p><strong>\u00a0<\/strong><\/td>\n<td width=\"54\"><strong>\u00a0<\/strong><\/p>\n<p><strong>Duraci\u00f3n<\/strong><\/td>\n<td width=\"180\"><strong>\u00a0<\/strong><\/p>\n<p><strong>Prop\u00f3sito y finalidad<\/strong><\/p>\n<p><strong>\u00a0<\/strong><\/td>\n<td width=\"153\"><strong>Politica Privacidad <\/strong><\/td>\n<\/tr>\n<tr>\n<td width=\"54\">_ga<\/td>\n<td width=\"63\"><\/td>\n<td width=\"54\">2 a\u00f1os<\/td>\n<td width=\"180\">Se usa para distinguir a los usuarios.<\/td>\n<td width=\"153\"><\/td>\n<\/tr>\n<tr>\n<td width=\"54\">_gid<\/td>\n<td width=\"63\"><\/td>\n<td width=\"54\">24 horas<\/td>\n<td width=\"180\">Se usa para distinguir a los usuarios.<\/td>\n<td width=\"153\"><\/td>\n<\/tr>\n<tr>\n<td width=\"54\">_gat<\/td>\n<td width=\"63\"><\/td>\n<td width=\"54\">1 minuto<\/td>\n<td width=\"180\">Se usa para limitar el porcentaje de solicitudes. Si has implementado Google Analytics mediante Google Tag Manager, esta cookie se llamar\u00e1 _dc_gtm_.<\/td>\n<td width=\"153\"><\/td>\n<\/tr>\n<\/tbody>\n<\/table>\n<p><em><strong>\u00a0<\/strong><\/em><\/p>\n<p><em><strong>Aceptaci\u00f3n Expresa del usuario para uso de Cookies de esta Web.<\/strong><\/em><\/p>\n<p><strong><u>Navegar por esta web con las cookies<\/u><\/strong><u> <strong>activadas conlleva<em> aceptar expresamente el tratamiento de la informaci\u00f3n\u00a0recabada; en la forma y con los fines anteriormente mencionados.<\/em><\/strong> <\/u><\/p>\n<p><em>\u00a0<\/em><em>De igual forma el usuario declara conocer la posibilidad de rechazar el tratamiento de\u00a0tales datos o informaci\u00f3n\u00a0rechazando el \u201cuso de Cookies\u201d mediante la selecci\u00f3n de la configuraci\u00f3n en su navegador. <\/em><\/p>\n<p><em><strong><br \/>\n<\/strong><\/em><em><strong>Desactivar las Cookies. Opciones del Navegador <\/strong><\/em><\/p>\n<p>La mayor\u00eda de navegadores le permiten desactivar las cookies. Los navegadores tambi\u00e9n le permiten borrar las cookies creadas por un sitio web espec\u00edfico. Para ello puede consultar la ayuda de su navegador.<\/p>\n<p><em><br \/>\n<\/em><em><strong>La opci\u00f3n de bloqueo de Cookies en su navegador puede no permitirle el uso completo de todas las funciones de esta Web.<\/strong><\/em><\/p>\n<p>Aqu\u00ed puede consultar la ayuda de los principales navegadores Web:<\/p>\n<p><strong><br \/>\n<\/strong><strong>Chrome:<\/strong> <a href=\"http:\/\/support.google.com\/chrome\/bin\/answer.py?hl=es&amp;answer=95647\">http:\/\/support.google.com\/chrome\/bin\/answer.py?hl=es&amp;answer=95647<\/a><\/p>\n<p><strong>Explorer: <\/strong><a href=\"http:\/\/windows.microsoft.com\/es-es\/windows7\/how-to-manage-cookies-in-internet-explorer-9\">http:\/\/windows.microsoft.com\/es-es\/windows7\/how-to-manage-cookies-in-internet-explorer-9<\/a><\/p>\n<p><strong>Firefox:<\/strong> <a href=\"http:\/\/support.mozilla.org\/es\/kb\/habilitar-y-deshabilitar-cookies-que-los-sitios-we\">http:\/\/support.mozilla.org\/es\/kb\/habilitar-y-deshabilitar-cookies-que-los-sitios-we<\/a><\/p>\n<p><strong>Safari:<\/strong> <a href=\"http:\/\/support.apple.com\/kb\/ph5042\">http:\/\/support.apple.com\/kb\/ph5042<\/a><\/p>\n<p><strong>Safari para IOS:<\/strong><a href=\"http:\/\/support.apple.com\/kb\/HT1677?viewlocale=es_ES&amp;locale=es_ES\">http:\/\/support.apple.com\/kb\/HT1677?viewlocale=es_ES&amp;locale=es_ES<\/a><\/p>\n<p><strong>Opera:<\/strong> <a href=\"http:\/\/help.opera.com\/Windows\/11.50\/es-ES\/cookies.html\">http:\/\/help.opera.com\/Windows\/11.50\/es-ES\/cookies.html<\/a><\/p>\n<p><strong><br \/>\nSi a\u00fan as\u00ed precisa de m\u00e1s informaci\u00f3n sobre el particular, no dude en contactarnos: <\/strong><strong>hola@wearegecom.com\u00a0<\/strong><\/p>\n<p>&nbsp;<\/p>\n<p><strong>\u00a0<\/strong><\/p>\n<p><strong>\u00a0<\/strong><\/p>\n<p><strong>\u00a0<\/strong><\/p>\n","protected":false},"excerpt":{"rendered":"POL\u00cdTICA DE COOKIES \u00bfQu\u00e9 son las Cookies? Cookie es un fichero que se descarga en su ordenador al acceder a la mayor\u00eda de p\u00e1ginas Web. Las cookies permiten a una p\u00e1gina web, entre otras cosas, almacenar y recuperar informaci\u00f3n sobre los h\u00e1bitos de navegaci\u00f3n de un usuario o de su equipo y, dependiendo de la informaci\u00f3n que contengan y de la forma en que utilice su equipo, pueden utilizarse para reconocer al usuario. Cuando acceda a una web que utiliza cookies, la web hace que el navegador cree en su equipo (ordenador, tableta, tel\u00e9fono o similar ) peque\u00f1os ficheros con informaci\u00f3n necesaria para el funcionamiento de la Web. Estos ficheros denominados cookies, forman parte de la tecnolog\u00eda necesaria para el correcto funcionamiento del sitio web. Las cookies no contienen ninguna clase de informaci\u00f3n personal espec\u00edfica, y la mayor\u00eda de las mismas se borran del disco duro al finalizar la sesi\u00f3n del navegador (las denominadas cookies de sesi\u00f3n) si bien su historial de navegaci\u00f3n y cookies se almacenan en su equipo. Las cookies, de forma similar al historial de navegaci\u00f3n o cach\u00e9 del navegador, pueden dejar un rastro sobre su actividad en l\u00ednea. Esto es especialmente importante si otras personas pueden acceder a su equipo. Por lo que en el caso de que est\u00e9 utilizando un equipo compartido, le recomendamos que antes de cerrar la sesi\u00f3n elimine la informaci\u00f3n sobre el historial de navegaci\u00f3n, cach\u00e9 y cookies. La mayor\u00eda de los navegadores aceptan como est\u00e1ndar a las cookies y, con independencia permiten o impiden en los ajustes de seguridad las cookies temporales o memorizadas. Por lo que es posible desactivar las cookies, pero la web no funcionar\u00e1 correctamente. Puede desactivar completamente el uso de cookies en el apartado de configuraci\u00f3n de su navegador. \u00bfQu\u00e9 tipos de cookies utiliza esta p\u00e1gina web? Cookies t\u00e9cnicas: Son aqu\u00e9llas que permiten al usuario la navegaci\u00f3n a trav\u00e9s de una p\u00e1gina web, plataforma o aplicaci\u00f3n y la utilizaci\u00f3n de las diferentes opciones o servicios que en ella existan como, por ejemplo, controlar el tr\u00e1fico y la comunicaci\u00f3n de datos, identificar la sesi\u00f3n, acceder a partes de acceso restringido, recordar los elementos que integran un pedido, realizar el proceso de compra de un pedido, realizar la solicitud de inscripci\u00f3n o participaci\u00f3n en un evento, utilizar elementos de seguridad durante la navegaci\u00f3n, almacenar contenidos para la difusi\u00f3n de videos o sonido o compartir contenidos a trav\u00e9s de redes sociales. \u00a0\u00a0Cookies de personalizaci\u00f3n\u00a0\u00a0\u00a0\u00a0: Son aqu\u00e9llas que permiten al usuario acceder al servicio con algunas caracter\u00edsticas de car\u00e1cter general predefinidas en funci\u00f3n de una serie de criterios en el terminal del usuario como por ejemplo serian el idioma, el tipo de navegador a trav\u00e9s del cual accede al servicio, la configuraci\u00f3n regional desde donde accede al servicio, etc. Cookies de an\u00e1lisis: Son aqu\u00e9llas que bien tratadas por nosotros o por terceros, nos permiten cuantificar el n\u00famero de usuarios y as\u00ed realizar la medici\u00f3n y an\u00e1lisis estad\u00edstico de la utilizaci\u00f3n que hacen los usuarios del servicio ofertado. Para ello se analiza su navegaci\u00f3n en nuestra p\u00e1gina web con el fin de mejorar la oferta de productos o servicios que le ofrecemos.\u00a0 Cookies publicitarias: Son aqu\u00e9llas que, bien tratadas por nosotros o por terceros, nos permiten gestionar de la forma m\u00e1s eficaz posible la oferta de los espacios publicitarios que hay en la p\u00e1gina web, adecuando el contenido del anuncio al contenido del servicio solicitado o al uso que realice de nuestra p\u00e1gina web. Para ello podemos analizar sus h\u00e1bitos de navegaci\u00f3n en Internet y podemos mostrarle publicidad relacionada con su perfil de navegaci\u00f3n. Cookies de publicidad comportamental: Son aqu\u00e9llas que permiten la gesti\u00f3n, de la forma m\u00e1s eficaz posible, de los espacios publicitarios que, en su caso, el editor haya incluido en una p\u00e1gina web, aplicaci\u00f3n o plataforma desde la que presta el servicio solicitado. Estas cookies almacenan informaci\u00f3n del comportamiento de los usuarios obtenida a trav\u00e9s de la observaci\u00f3n continuada de sus h\u00e1bitos de navegaci\u00f3n, lo que permite desarrollar un perfil espec\u00edfico para mostrar publicidad en funci\u00f3n del mismo. Cookies de terceros: Esta web puede utilizar\u00a0servicios de terceros que, por cuenta de los mismos recopilaran informaci\u00f3n con fines estad\u00edsticos, de uso del Site por parte del usuario y para la prestaci\u00f3n de otros servicios relacionados con la actividad del Website y otros servicios de Internet. La tabla que te mostramos identifica las cookies que usamos propias y de terceros y los prop\u00f3sitos de cada una: \u00a0 \u00a0 Cookie \u00a0 Tipo \u00a0 \u00a0 Duraci\u00f3n \u00a0 Prop\u00f3sito y finalidad \u00a0 Politica Privacidad _ga 2 a\u00f1os Se usa para distinguir a los usuarios. _gid 24 horas Se usa para distinguir a los usuarios. _gat 1 minuto Se usa para limitar el porcentaje de solicitudes. Si has implementado Google Analytics mediante Google Tag Manager, esta cookie se llamar\u00e1 _dc_gtm_. \u00a0 Aceptaci\u00f3n Expresa del usuario para uso de Cookies de esta Web. Navegar por esta web con las cookies activadas conlleva aceptar expresamente el tratamiento de la informaci\u00f3n\u00a0recabada; en la forma y con los fines anteriormente mencionados. \u00a0De igual forma el usuario declara conocer la posibilidad de rechazar el tratamiento de\u00a0tales datos o informaci\u00f3n\u00a0rechazando el \u201cuso de Cookies\u201d mediante la selecci\u00f3n de la configuraci\u00f3n en su navegador. Desactivar las Cookies. Opciones del Navegador La mayor\u00eda de navegadores le permiten desactivar las cookies. Los navegadores tambi\u00e9n le permiten borrar las cookies creadas por un sitio web espec\u00edfico. Para ello puede consultar la ayuda de su navegador. La opci\u00f3n de bloqueo de Cookies en su navegador puede no permitirle el uso completo de todas las funciones de esta Web. Aqu\u00ed puede consultar la ayuda de los principales navegadores Web: Chrome: http:\/\/support.google.com\/chrome\/bin\/answer.py?hl=es&amp;answer=95647 Explorer: http:\/\/windows.microsoft.com\/es-es\/windows7\/how-to-manage-cookies-in-internet-explorer-9 Firefox: http:\/\/support.mozilla.org\/es\/kb\/habilitar-y-deshabilitar-cookies-que-los-sitios-we Safari: http:\/\/support.apple.com\/kb\/ph5042 Safari para IOS:http:\/\/support.apple.com\/kb\/HT1677?viewlocale=es_ES&amp;locale=es_ES Opera: http:\/\/help.opera.com\/Windows\/11.50\/es-ES\/cookies.html Si a\u00fan as\u00ed precisa de m\u00e1s informaci\u00f3n sobre el particular, no dude en contactarnos: hola@wearegecom.com\u00a0 &nbsp; \u00a0 \u00a0 \u00a0","protected":false},"author":1,"featured_media":0,"parent":0,"menu_order":0,"comment_status":"closed","ping_status":"closed","template":"","meta":{"footnotes":""},"class_list":["post-8152","page","type-page","status-publish","hentry"],"yoast_head":"<!-- This site is optimized with the Yoast SEO plugin v27.2 - https:\/\/yoast.com\/product\/yoast-seo-wordpress\/ -->\n<title>POL\u00cdTICA DE COOKIES - GECOM<\/title>\n<meta name=\"description\" content=\"POL\u00cdTICA DE COOKIES \u00bfQu\u00e9 son las Cookies? Cookie es un fichero que se descarga en su ordenador al acceder a la mayor\u00eda de p\u00e1ginas Web. Las cookies\" \/>\n<meta name=\"robots\" content=\"noindex, nofollow\" \/>\n<meta property=\"og:locale\" content=\"es_ES\" \/>\n<meta property=\"og:type\" content=\"article\" \/>\n<meta property=\"og:title\" content=\"POL\u00cdTICA DE COOKIES - GECOM\" \/>\n<meta property=\"og:description\" content=\"POL\u00cdTICA DE COOKIES \u00bfQu\u00e9 son las Cookies? Cookie es un fichero que se descarga en su ordenador al acceder a la mayor\u00eda de p\u00e1ginas Web. Las cookies\" \/>\n<meta property=\"og:url\" content=\"https:\/\/www.wearegecom.com\/es\/politica-de-cookies\/\" \/>\n<meta property=\"og:site_name\" content=\"GECOM\" \/>\n<meta property=\"article:modified_time\" content=\"2024-03-11T10:04:15+00:00\" \/>\n<meta name=\"twitter:card\" content=\"summary_large_image\" \/>\n<meta name=\"twitter:label1\" content=\"Est. reading time\" \/>\n\t<meta name=\"twitter:data1\" content=\"5 minutes\" \/>\n<script type=\"application\/ld+json\" class=\"yoast-schema-graph\">{\"@context\":\"https:\/\/schema.org\",\"@graph\":[{\"@type\":\"WebPage\",\"@id\":\"https:\/\/www.wearegecom.com\/es\/politica-de-cookies\/\",\"url\":\"https:\/\/www.wearegecom.com\/es\/politica-de-cookies\/\",\"name\":\"POL\u00cdTICA DE COOKIES - GECOM\",\"isPartOf\":{\"@id\":\"https:\/\/www.wearegecom.com\/es\/#website\"},\"datePublished\":\"2019-01-08T11:31:11+00:00\",\"dateModified\":\"2024-03-11T10:04:15+00:00\",\"description\":\"POL\u00cdTICA DE COOKIES \u00bfQu\u00e9 son las Cookies? Cookie es un fichero que se descarga en su ordenador al acceder a la mayor\u00eda de p\u00e1ginas Web. Las cookies\",\"breadcrumb\":{\"@id\":\"https:\/\/www.wearegecom.com\/es\/politica-de-cookies\/#breadcrumb\"},\"inLanguage\":\"es\",\"potentialAction\":[{\"@type\":\"ReadAction\",\"target\":[\"https:\/\/www.wearegecom.com\/es\/politica-de-cookies\/\"]}]},{\"@type\":\"BreadcrumbList\",\"@id\":\"https:\/\/www.wearegecom.com\/es\/politica-de-cookies\/#breadcrumb\",\"itemListElement\":[{\"@type\":\"ListItem\",\"position\":1,\"name\":\"Home\",\"item\":\"https:\/\/www.wearegecom.com\/es\/\"},{\"@type\":\"ListItem\",\"position\":2,\"name\":\"POL\u00cdTICA DE COOKIES\"}]},{\"@type\":\"WebSite\",\"@id\":\"https:\/\/www.wearegecom.com\/es\/#website\",\"url\":\"https:\/\/www.wearegecom.com\/es\/\",\"name\":\"GECOM\",\"description\":\"We are Design Builders\",\"publisher\":{\"@id\":\"https:\/\/www.wearegecom.com\/es\/#organization\"},\"potentialAction\":[{\"@type\":\"SearchAction\",\"target\":{\"@type\":\"EntryPoint\",\"urlTemplate\":\"https:\/\/www.wearegecom.com\/es\/?s={search_term_string}\"},\"query-input\":{\"@type\":\"PropertyValueSpecification\",\"valueRequired\":true,\"valueName\":\"search_term_string\"}}],\"inLanguage\":\"es\"},{\"@type\":\"Organization\",\"@id\":\"https:\/\/www.wearegecom.com\/es\/#organization\",\"name\":\"Wearegecom\",\"url\":\"https:\/\/www.wearegecom.com\/es\/\",\"logo\":{\"@type\":\"ImageObject\",\"inLanguage\":\"es\",\"@id\":\"https:\/\/www.wearegecom.com\/es\/#\/schema\/logo\/image\/\",\"url\":\"https:\/\/www.wearegecom.com\/wp-content\/uploads\/2017\/03\/otro-logo-gecom.png\",\"contentUrl\":\"https:\/\/www.wearegecom.com\/wp-content\/uploads\/2017\/03\/otro-logo-gecom.png\",\"width\":175,\"height\":97,\"caption\":\"Wearegecom\"},\"image\":{\"@id\":\"https:\/\/www.wearegecom.com\/es\/#\/schema\/logo\/image\/\"}}]}<\/script>\n<!-- \/ Yoast SEO plugin. -->","yoast_head_json":{"title":"POL\u00cdTICA DE COOKIES - GECOM","description":"POL\u00cdTICA DE COOKIES \u00bfQu\u00e9 son las Cookies? Cookie es un fichero que se descarga en su ordenador al acceder a la mayor\u00eda de p\u00e1ginas Web. Las cookies","robots":{"index":"noindex","follow":"nofollow"},"og_locale":"es_ES","og_type":"article","og_title":"POL\u00cdTICA DE COOKIES - GECOM","og_description":"POL\u00cdTICA DE COOKIES \u00bfQu\u00e9 son las Cookies? Cookie es un fichero que se descarga en su ordenador al acceder a la mayor\u00eda de p\u00e1ginas Web. Las cookies","og_url":"https:\/\/www.wearegecom.com\/es\/politica-de-cookies\/","og_site_name":"GECOM","article_modified_time":"2024-03-11T10:04:15+00:00","twitter_card":"summary_large_image","twitter_misc":{"Est. reading time":"5 minutes"},"schema":{"@context":"https:\/\/schema.org","@graph":[{"@type":"WebPage","@id":"https:\/\/www.wearegecom.com\/es\/politica-de-cookies\/","url":"https:\/\/www.wearegecom.com\/es\/politica-de-cookies\/","name":"POL\u00cdTICA DE COOKIES - GECOM","isPartOf":{"@id":"https:\/\/www.wearegecom.com\/es\/#website"},"datePublished":"2019-01-08T11:31:11+00:00","dateModified":"2024-03-11T10:04:15+00:00","description":"POL\u00cdTICA DE COOKIES \u00bfQu\u00e9 son las Cookies? Cookie es un fichero que se descarga en su ordenador al acceder a la mayor\u00eda de p\u00e1ginas Web. Las cookies","breadcrumb":{"@id":"https:\/\/www.wearegecom.com\/es\/politica-de-cookies\/#breadcrumb"},"inLanguage":"es","potentialAction":[{"@type":"ReadAction","target":["https:\/\/www.wearegecom.com\/es\/politica-de-cookies\/"]}]},{"@type":"BreadcrumbList","@id":"https:\/\/www.wearegecom.com\/es\/politica-de-cookies\/#breadcrumb","itemListElement":[{"@type":"ListItem","position":1,"name":"Home","item":"https:\/\/www.wearegecom.com\/es\/"},{"@type":"ListItem","position":2,"name":"POL\u00cdTICA DE COOKIES"}]},{"@type":"WebSite","@id":"https:\/\/www.wearegecom.com\/es\/#website","url":"https:\/\/www.wearegecom.com\/es\/","name":"GECOM","description":"We are Design Builders","publisher":{"@id":"https:\/\/www.wearegecom.com\/es\/#organization"},"potentialAction":[{"@type":"SearchAction","target":{"@type":"EntryPoint","urlTemplate":"https:\/\/www.wearegecom.com\/es\/?s={search_term_string}"},"query-input":{"@type":"PropertyValueSpecification","valueRequired":true,"valueName":"search_term_string"}}],"inLanguage":"es"},{"@type":"Organization","@id":"https:\/\/www.wearegecom.com\/es\/#organization","name":"Wearegecom","url":"https:\/\/www.wearegecom.com\/es\/","logo":{"@type":"ImageObject","inLanguage":"es","@id":"https:\/\/www.wearegecom.com\/es\/#\/schema\/logo\/image\/","url":"https:\/\/www.wearegecom.com\/wp-content\/uploads\/2017\/03\/otro-logo-gecom.png","contentUrl":"https:\/\/www.wearegecom.com\/wp-content\/uploads\/2017\/03\/otro-logo-gecom.png","width":175,"height":97,"caption":"Wearegecom"},"image":{"@id":"https:\/\/www.wearegecom.com\/es\/#\/schema\/logo\/image\/"}}]}},"_links":{"self":[{"href":"https:\/\/www.wearegecom.com\/es\/wp-json\/wp\/v2\/pages\/8152","targetHints":{"allow":["GET"]}}],"collection":[{"href":"https:\/\/www.wearegecom.com\/es\/wp-json\/wp\/v2\/pages"}],"about":[{"href":"https:\/\/www.wearegecom.com\/es\/wp-json\/wp\/v2\/types\/page"}],"author":[{"embeddable":true,"href":"https:\/\/www.wearegecom.com\/es\/wp-json\/wp\/v2\/users\/1"}],"replies":[{"embeddable":true,"href":"https:\/\/www.wearegecom.com\/es\/wp-json\/wp\/v2\/comments?post=8152"}],"version-history":[{"count":8,"href":"https:\/\/www.wearegecom.com\/es\/wp-json\/wp\/v2\/pages\/8152\/revisions"}],"predecessor-version":[{"id":12906,"href":"https:\/\/www.wearegecom.com\/es\/wp-json\/wp\/v2\/pages\/8152\/revisions\/12906"}],"wp:attachment":[{"href":"https:\/\/www.wearegecom.com\/es\/wp-json\/wp\/v2\/media?parent=8152"}],"curies":[{"name":"wp","href":"https:\/\/api.w.org\/{rel}","templated":true}]}}