{"id":212,"date":"2017-02-21T07:54:59","date_gmt":"2017-02-21T07:54:59","guid":{"rendered":"http:\/\/arden.local\/?page_id=212"},"modified":"2025-11-05T12:59:24","modified_gmt":"2025-11-05T12:59:24","slug":"proyectos","status":"publish","type":"page","link":"https:\/\/www.wearegecom.com\/es\/proyectos\/","title":{"rendered":"PROYECTOS"},"content":{"rendered":"<p>[vc_row lg_spacing=&#8221;padding_top:120&#8243; sm_spacing=&#8221;padding_top:100&#8243;][vc_column lg_spacing=&#8221;margin_top:20&#8243;][vc_custom_heading text=&#8221;Construccion de stands para ferias en Barcelona&#8221; font_container=&#8221;tag:h1|text_align:center|color:%23ea5042&#8243; css=&#8221;.vc_custom_1762347549210{padding-top: 20px !important;padding-right: 20px !important;padding-bottom: 20px !important;padding-left: 20px !important;}&#8221;][vc_column_text]<\/p>\n<p style=\"text-align: center;\">En el vibrante entorno ferial de Barcelona, su <i>stand<\/i> es la primera impresi\u00f3n y un reflejo directo de su marca. En Gecom, somos <b>expertos en la construcci\u00f3n de <i>stands<\/i><\/b> que no solo cumplen con los requisitos t\u00e9cnicos m\u00e1s exigentes, sino que tambi\u00e9n capturan la esencia de su negocio y atraen la atenci\u00f3n de su p\u00fablico objetivo. Desde la concepci\u00f3n del dise\u00f1o hasta la ejecuci\u00f3n final en recintos como Fira Barcelona, nuestro equipo se encarga de cada detalle para ofrecerle una soluci\u00f3n llave en mano: <b>funcional, impactante y puntual<\/b>, asegurando que su participaci\u00f3n en cualquier feria sea un \u00e9xito rotundo.<\/p>\n<p>[\/vc_column_text][vc_empty_space height=&#8221;80px&#8221;][vc_custom_heading text=&#8221;PROYECTOS GECOM&#8221; font_container=&#8221;tag:h2|text_align:center&#8221; el_class=&#8221;titulo-proyectos&#8221;][vc_empty_space height=&#8221;20px&#8221;][vc_column_text][\/vc_column_text][vc_empty_space height=&#8221;80px&#8221;][tm_portfolio style=&#8221;2&#8243; gutter=&#8221;30&#8243; el_class=&#8221;proyectos&#8221; number=&#8221;9999999999999999999999999&#8243; filter_enable=&#8221;1&#8243; filter_align=&#8221;right&#8221; columns=&#8221;xs:1;sm:2;lg:3&#8243;][\/vc_column][\/vc_row]<\/p>\n","protected":false},"excerpt":{"rendered":"[vc_row lg_spacing=&#8221;padding_top:120&#8243; sm_spacing=&#8221;padding_top:100&#8243;][vc_column lg_spacing=&#8221;margin_top:20&#8243;][vc_custom_heading text=&#8221;Construccion de stands para ferias en Barcelona&#8221; font_container=&#8221;tag:h1|text_align:center|color:%23ea5042&#8243; css=&#8221;.vc_custom_1762347549210{padding-top: 20px !important;padding-right: 20px !important;padding-bottom: 20px !important;padding-left: 20px !important;}&#8221;][vc_column_text] En el vibrante entorno ferial de Barcelona, su stand es la primera impresi\u00f3n y un reflejo directo de su marca. En Gecom, somos expertos en la construcci\u00f3n de stands que no solo cumplen con los requisitos t\u00e9cnicos m\u00e1s exigentes, sino que tambi\u00e9n capturan la esencia de su negocio y atraen la atenci\u00f3n de su p\u00fablico objetivo. Desde la concepci\u00f3n del dise\u00f1o hasta la ejecuci\u00f3n final en recintos como Fira Barcelona, nuestro equipo se encarga de cada detalle para ofrecerle una soluci\u00f3n llave en mano: funcional, impactante y puntual, asegurando que su participaci\u00f3n en cualquier feria sea un \u00e9xito rotundo. [\/vc_column_text][vc_empty_space height=&#8221;80px&#8221;][vc_custom_heading text=&#8221;PROYECTOS GECOM&#8221; font_container=&#8221;tag:h2|text_align:center&#8221; el_class=&#8221;titulo-proyectos&#8221;][vc_empty_space height=&#8221;20px&#8221;][vc_column_text][\/vc_column_text][vc_empty_space height=&#8221;80px&#8221;][tm_portfolio style=&#8221;2&#8243; gutter=&#8221;30&#8243; el_class=&#8221;proyectos&#8221; number=&#8221;9999999999999999999999999&#8243; filter_enable=&#8221;1&#8243; filter_align=&#8221;right&#8221; columns=&#8221;xs:1;sm:2;lg:3&#8243;][\/vc_column][\/vc_row]","protected":false},"author":1,"featured_media":0,"parent":0,"menu_order":0,"comment_status":"closed","ping_status":"closed","template":"","meta":{"footnotes":""},"class_list":["post-212","page","type-page","status-publish","hentry"],"yoast_head":"<!-- This site is optimized with the Yoast SEO plugin v27.5 - https:\/\/yoast.com\/product\/yoast-seo-wordpress\/ -->\n<title>Construcci\u00f3n de stands para ferias en Barcelona - GECOM<\/title>\n<meta name=\"description\" content=\"Todos nuestros proyectos de arquitectura de eventos, proyectos de interiorismo, construcci\u00f3n de stands para ferias en Barcelona y m\u00e1s de GECOM. \u00a1Inf\u00f3rmate!\" \/>\n<meta name=\"robots\" content=\"index, follow, max-snippet:-1, max-image-preview:large, max-video-preview:-1\" \/>\n<link rel=\"canonical\" href=\"https:\/\/wearegecom.com\/proyectos\/\" \/>\n<meta property=\"og:locale\" content=\"es_ES\" \/>\n<meta property=\"og:type\" content=\"article\" \/>\n<meta property=\"og:title\" content=\"Construcci\u00f3n de stands para ferias en Barcelona - GECOM\" \/>\n<meta property=\"og:description\" content=\"Todos nuestros proyectos de arquitectura de eventos, proyectos de interiorismo, construcci\u00f3n de stands para ferias en Barcelona y m\u00e1s de GECOM. \u00a1Inf\u00f3rmate!\" \/>\n<meta property=\"og:url\" content=\"https:\/\/wearegecom.com\/proyectos\/\" \/>\n<meta property=\"og:site_name\" content=\"GECOM\" \/>\n<meta property=\"article:modified_time\" content=\"2025-11-05T12:59:24+00:00\" \/>\n<meta name=\"twitter:card\" content=\"summary_large_image\" \/>\n<meta name=\"twitter:label1\" content=\"Est. reading time\" \/>\n\t<meta name=\"twitter:data1\" content=\"1 minute\" \/>\n<script type=\"application\/ld+json\" class=\"yoast-schema-graph\">{\"@context\":\"https:\\\/\\\/schema.org\",\"@graph\":[{\"@type\":\"WebPage\",\"@id\":\"https:\\\/\\\/www.wearegecom.com\\\/es\\\/proyectos\\\/\",\"url\":\"https:\\\/\\\/wearegecom.com\\\/proyectos\\\/\",\"name\":\"Construcci\u00f3n de stands para ferias en Barcelona - GECOM\",\"isPartOf\":{\"@id\":\"https:\\\/\\\/www.wearegecom.com\\\/es\\\/#website\"},\"datePublished\":\"2017-02-21T07:54:59+00:00\",\"dateModified\":\"2025-11-05T12:59:24+00:00\",\"description\":\"Todos nuestros proyectos de arquitectura de eventos, proyectos de interiorismo, construcci\u00f3n de stands para ferias en Barcelona y m\u00e1s de GECOM. \u00a1Inf\u00f3rmate!\",\"breadcrumb\":{\"@id\":\"https:\\\/\\\/wearegecom.com\\\/proyectos\\\/#breadcrumb\"},\"inLanguage\":\"es\",\"potentialAction\":[{\"@type\":\"ReadAction\",\"target\":[\"https:\\\/\\\/wearegecom.com\\\/proyectos\\\/\"]}]},{\"@type\":\"BreadcrumbList\",\"@id\":\"https:\\\/\\\/wearegecom.com\\\/proyectos\\\/#breadcrumb\",\"itemListElement\":[{\"@type\":\"ListItem\",\"position\":1,\"name\":\"Home\",\"item\":\"https:\\\/\\\/www.wearegecom.com\\\/es\\\/\"},{\"@type\":\"ListItem\",\"position\":2,\"name\":\"PROYECTOS\"}]},{\"@type\":\"WebSite\",\"@id\":\"https:\\\/\\\/www.wearegecom.com\\\/es\\\/#website\",\"url\":\"https:\\\/\\\/www.wearegecom.com\\\/es\\\/\",\"name\":\"GECOM\",\"description\":\"We are Design Builders\",\"publisher\":{\"@id\":\"https:\\\/\\\/www.wearegecom.com\\\/es\\\/#organization\"},\"potentialAction\":[{\"@type\":\"SearchAction\",\"target\":{\"@type\":\"EntryPoint\",\"urlTemplate\":\"https:\\\/\\\/www.wearegecom.com\\\/es\\\/?s={search_term_string}\"},\"query-input\":{\"@type\":\"PropertyValueSpecification\",\"valueRequired\":true,\"valueName\":\"search_term_string\"}}],\"inLanguage\":\"es\"},{\"@type\":\"Organization\",\"@id\":\"https:\\\/\\\/www.wearegecom.com\\\/es\\\/#organization\",\"name\":\"Wearegecom\",\"url\":\"https:\\\/\\\/www.wearegecom.com\\\/es\\\/\",\"logo\":{\"@type\":\"ImageObject\",\"inLanguage\":\"es\",\"@id\":\"https:\\\/\\\/www.wearegecom.com\\\/es\\\/#\\\/schema\\\/logo\\\/image\\\/\",\"url\":\"https:\\\/\\\/www.wearegecom.com\\\/wp-content\\\/uploads\\\/2017\\\/03\\\/otro-logo-gecom.png\",\"contentUrl\":\"https:\\\/\\\/www.wearegecom.com\\\/wp-content\\\/uploads\\\/2017\\\/03\\\/otro-logo-gecom.png\",\"width\":175,\"height\":97,\"caption\":\"Wearegecom\"},\"image\":{\"@id\":\"https:\\\/\\\/www.wearegecom.com\\\/es\\\/#\\\/schema\\\/logo\\\/image\\\/\"}}]}<\/script>\n<!-- \/ Yoast SEO plugin. -->","yoast_head_json":{"title":"Construcci\u00f3n de stands para ferias en Barcelona - GECOM","description":"Todos nuestros proyectos de arquitectura de eventos, proyectos de interiorismo, construcci\u00f3n de stands para ferias en Barcelona y m\u00e1s de GECOM. \u00a1Inf\u00f3rmate!","robots":{"index":"index","follow":"follow","max-snippet":"max-snippet:-1","max-image-preview":"max-image-preview:large","max-video-preview":"max-video-preview:-1"},"canonical":"https:\/\/wearegecom.com\/proyectos\/","og_locale":"es_ES","og_type":"article","og_title":"Construcci\u00f3n de stands para ferias en Barcelona - GECOM","og_description":"Todos nuestros proyectos de arquitectura de eventos, proyectos de interiorismo, construcci\u00f3n de stands para ferias en Barcelona y m\u00e1s de GECOM. \u00a1Inf\u00f3rmate!","og_url":"https:\/\/wearegecom.com\/proyectos\/","og_site_name":"GECOM","article_modified_time":"2025-11-05T12:59:24+00:00","twitter_card":"summary_large_image","twitter_misc":{"Est. reading time":"1 minute"},"schema":{"@context":"https:\/\/schema.org","@graph":[{"@type":"WebPage","@id":"https:\/\/www.wearegecom.com\/es\/proyectos\/","url":"https:\/\/wearegecom.com\/proyectos\/","name":"Construcci\u00f3n de stands para ferias en Barcelona - GECOM","isPartOf":{"@id":"https:\/\/www.wearegecom.com\/es\/#website"},"datePublished":"2017-02-21T07:54:59+00:00","dateModified":"2025-11-05T12:59:24+00:00","description":"Todos nuestros proyectos de arquitectura de eventos, proyectos de interiorismo, construcci\u00f3n de stands para ferias en Barcelona y m\u00e1s de GECOM. \u00a1Inf\u00f3rmate!","breadcrumb":{"@id":"https:\/\/wearegecom.com\/proyectos\/#breadcrumb"},"inLanguage":"es","potentialAction":[{"@type":"ReadAction","target":["https:\/\/wearegecom.com\/proyectos\/"]}]},{"@type":"BreadcrumbList","@id":"https:\/\/wearegecom.com\/proyectos\/#breadcrumb","itemListElement":[{"@type":"ListItem","position":1,"name":"Home","item":"https:\/\/www.wearegecom.com\/es\/"},{"@type":"ListItem","position":2,"name":"PROYECTOS"}]},{"@type":"WebSite","@id":"https:\/\/www.wearegecom.com\/es\/#website","url":"https:\/\/www.wearegecom.com\/es\/","name":"GECOM","description":"We are Design Builders","publisher":{"@id":"https:\/\/www.wearegecom.com\/es\/#organization"},"potentialAction":[{"@type":"SearchAction","target":{"@type":"EntryPoint","urlTemplate":"https:\/\/www.wearegecom.com\/es\/?s={search_term_string}"},"query-input":{"@type":"PropertyValueSpecification","valueRequired":true,"valueName":"search_term_string"}}],"inLanguage":"es"},{"@type":"Organization","@id":"https:\/\/www.wearegecom.com\/es\/#organization","name":"Wearegecom","url":"https:\/\/www.wearegecom.com\/es\/","logo":{"@type":"ImageObject","inLanguage":"es","@id":"https:\/\/www.wearegecom.com\/es\/#\/schema\/logo\/image\/","url":"https:\/\/www.wearegecom.com\/wp-content\/uploads\/2017\/03\/otro-logo-gecom.png","contentUrl":"https:\/\/www.wearegecom.com\/wp-content\/uploads\/2017\/03\/otro-logo-gecom.png","width":175,"height":97,"caption":"Wearegecom"},"image":{"@id":"https:\/\/www.wearegecom.com\/es\/#\/schema\/logo\/image\/"}}]}},"_links":{"self":[{"href":"https:\/\/www.wearegecom.com\/es\/wp-json\/wp\/v2\/pages\/212","targetHints":{"allow":["GET"]}}],"collection":[{"href":"https:\/\/www.wearegecom.com\/es\/wp-json\/wp\/v2\/pages"}],"about":[{"href":"https:\/\/www.wearegecom.com\/es\/wp-json\/wp\/v2\/types\/page"}],"author":[{"embeddable":true,"href":"https:\/\/www.wearegecom.com\/es\/wp-json\/wp\/v2\/users\/1"}],"replies":[{"embeddable":true,"href":"https:\/\/www.wearegecom.com\/es\/wp-json\/wp\/v2\/comments?post=212"}],"version-history":[{"count":59,"href":"https:\/\/www.wearegecom.com\/es\/wp-json\/wp\/v2\/pages\/212\/revisions"}],"predecessor-version":[{"id":15407,"href":"https:\/\/www.wearegecom.com\/es\/wp-json\/wp\/v2\/pages\/212\/revisions\/15407"}],"wp:attachment":[{"href":"https:\/\/www.wearegecom.com\/es\/wp-json\/wp\/v2\/media?parent=212"}],"curies":[{"name":"wp","href":"https:\/\/api.w.org\/{rel}","templated":true}]}}