{"id":12952,"date":"2022-03-04T10:54:49","date_gmt":"2022-03-04T10:54:49","guid":{"rendered":"https:\/\/www.wearegecom.com\/?page_id=12952"},"modified":"2025-05-28T11:25:34","modified_gmt":"2025-05-28T11:25:34","slug":"interiorismo-oficinas","status":"publish","type":"page","link":"https:\/\/www.wearegecom.com\/es\/interiorismo-oficinas\/","title":{"rendered":"Dise\u00f1o e interiorismo de oficinas en Barcelona"},"content":{"rendered":"<p>[vc_row][vc_column][vc_column_text]\n\t\t\t<!-- START slideoficinas REVOLUTION SLIDER 6.6.18 --><p class=\"rs-p-wp-fix\"><\/p>\n\t\t\t<rs-module-wrap id=\"rev_slider_40_1_wrapper\" data-source=\"gallery\" style=\"visibility:hidden;background:transparent;padding:0;margin:0px auto;margin-top:0;margin-bottom:0;\">\n\t\t\t\t<rs-module id=\"rev_slider_40_1\" class=\" rs-ov-hidden\" style=\"\" data-version=\"6.6.18\">\n\t\t\t\t\t<rs-slides style=\"overflow: hidden; position: absolute;\">\n\t\t\t\t\t\t<rs-slide style=\"position: absolute;\" data-key=\"rs-130\" data-title=\"Slide\" data-duration=\"8470\" data-anim=\"adpr:false;\">\n\t\t\t\t\t\t\t<img decoding=\"async\" src=\"\/\/www.wearegecom.com\/wp-content\/plugins\/revslider\/public\/assets\/assets\/dummy.png\" alt=\"\" title=\"Dise\u00f1o e interiorismo de oficinas en Barcelona\" class=\"rev-slidebg tp-rs-img rs-lazyload\" data-lazyload=\"\/\/wearegecom.com\/wp-content\/uploads\/2022\/03\/1f0a6c18-22bd-4a2e-a8d8-7c0092352524.jpg\" data-bg=\"p:center top;\" data-parallax=\"off\" data-no-retina>\n<!--\n\t\t\t\t\t\t\t--><rs-layer\n\t\t\t\t\t\t\t\tid=\"slider-40-slide-130-layer-3\" \n\t\t\t\t\t\t\t\tdata-type=\"image\"\n\t\t\t\t\t\t\t\tdata-rsp_ch=\"on\"\n\t\t\t\t\t\t\t\tdata-xy=\"x:133px;y:316px;\"\n\t\t\t\t\t\t\t\tdata-text=\"l:22;a:inherit;\"\n\t\t\t\t\t\t\t\tdata-dim=\"w:246px;h:132px;\"\n\t\t\t\t\t\t\t\tdata-frame_0=\"tp:600;\"\n\t\t\t\t\t\t\t\tdata-frame_1=\"tp:600;st:0;\"\n\t\t\t\t\t\t\t\tdata-frame_999=\"o:0;tp:600;st:w;sR:8170;\"\n\t\t\t\t\t\t\t\tstyle=\"z-index:5;\"\n\t\t\t\t\t\t\t><img decoding=\"async\" src=\"\/\/www.wearegecom.com\/wp-content\/plugins\/revslider\/public\/assets\/assets\/dummy.png\" alt=\"\" class=\"tp-rs-img rs-lazyload\" width=\"246\" height=\"132\" data-lazyload=\"\/\/wearegecom.com\/wp-content\/uploads\/2019\/05\/titulo-slide.png\" data-no-retina> \n\t\t\t\t\t\t\t<\/rs-layer><!--\n-->\t\t\t\t\t\t<\/rs-slide>\n\t\t\t\t\t<\/rs-slides>\n\t\t\t\t<\/rs-module>\n\t\t\t\t<script>\n\t\t\t\t\tsetREVStartSize({c: 'rev_slider_40_1',rl:[1240,1024,778,480],el:[],gw:[1440],gh:[640],type:'standard',justify:'',layout:'fullwidth',mh:\"0\"});if (window.RS_MODULES!==undefined && window.RS_MODULES.modules!==undefined && window.RS_MODULES.modules[\"revslider401\"]!==undefined) {window.RS_MODULES.modules[\"revslider401\"].once = false;window.revapi40 = undefined;if (window.RS_MODULES.checkMinimal!==undefined) window.RS_MODULES.checkMinimal()}\n\t\t\t\t<\/script>\n\t\t\t<\/rs-module-wrap>\n\t\t\t<!-- END REVOLUTION SLIDER -->\n[\/vc_column_text][\/vc_column][\/vc_row][vc_row][vc_column][vc_empty_space height=&#8221;80px&#8221;][\/vc_column][\/vc_row][vc_row][vc_column width=&#8221;2\/3&#8243;][vc_column_text el_class=&#8221;texto2&#8243;]<\/p>\n<div class=\"page\" title=\"Page 1\">\n<div class=\"section\">\n<div class=\"layoutArea\">\n<div class=\"column\">\n<p><strong>GECOM ES UNA EMPRESA CONSTRUCTORA MULTIDISCIPLINAR ESPECIALIZADA EN PROYECTOS DE RETAIL, DE OFICINAS CORPORATIVAS Y DE HOTELES CON SEDE EN BARCELONA Y COBERTURA EN TODA EUROPA.<\/strong><\/p>\n<h2 style=\"font-size: 18px !important; font-family: 'pf_din_text_cond_prolight' !important;\"><strong>Dise\u00f1o y interiorismo de oficinas en Barcelona<\/strong><\/h2>\n<p>&nbsp;<\/p>\n<div class=\"page\" title=\"Page 1\">\n<div class=\"section\">\n<div class=\"layoutArea\">\n<div class=\"column\">\n<p>En GECOM trabajamos con los mejores profesionales para la <strong>construcci\u00f3n y dise\u00f1o de oficinas<\/strong> cuidadas y funcionales para tu empresa. Nuestra prioridad es siempre el cliente y sabemos que para ello la comunicaci\u00f3n es fundamental.<\/p>\n<\/div>\n<\/div>\n<\/div>\n<\/div>\n<\/div>\n<\/div>\n<\/div>\n<\/div>\n<p>[\/vc_column_text][\/vc_column][vc_column width=&#8221;1\/3&#8243; el_class=&#8221;border-retail&#8221;][vc_column_text el_class=&#8221;texto2&#8243;]<\/p>\n<div class=\"page\" title=\"Page 1\">\n<div class=\"section\">\n<div class=\"layoutArea\">\n<div class=\"column\">\n<p><strong>GRACIAS A NUESTRO COMPROMISO PODEMOS OFRECER:<\/strong><\/p>\n<div class=\"page\" title=\"Page 1\">\n<div class=\"section\">\n<div class=\"layoutArea\">\n<div class=\"column\">\n<p>&#8211; Gesti\u00f3n integral de proyectos<br \/>\n&#8211; Acabados de alta calidad<br \/>\n&#8211; Agilidad en la ejecuci\u00f3n<br \/>\n&#8211; Alta capacidad de respuesta<br \/>\n&#8211; Mano de obra especializada<br \/>\n&#8211; Costes competitivos<\/div>\n<\/div>\n<\/div>\n<\/div>\n<\/div>\n<\/div>\n<\/div>\n<\/div>\n<p>[\/vc_column_text][\/vc_column][\/vc_row][vc_row][vc_column][vc_empty_space height=&#8221;80px&#8221;][\/vc_column][\/vc_row][vc_row][vc_column][vc_column_text el_class=&#8221;texto2&#8243;]<\/p>\n<div class=\"page\" title=\"Page 1\">\n<div class=\"section\">\n<div class=\"layoutArea\">\n<div class=\"column\">\n<h3><strong>GALER\u00cdA DE PROYECTOS DE DISE\u00d1O DE OFICINAS<\/strong><\/h3>\n<\/div>\n<\/div>\n<\/div>\n<\/div>\n<p>[\/vc_column_text][vc_empty_space height=&#8221;30px&#8221;][vc_masonry_media_grid gap=&#8221;4&#8243; item=&#8221;mediaGrid_SlideInTitle&#8221; grid_id=&#8221;vc_gid:1748431256027-03cf34094ffd5225e909718819d06690-8&#8243; include=&#8221;12553,12587,12530,12538,12534,12526,12337,12349,12491,12479,12475,12467,12487,12483,12428,12415,12471,12374,12370,12366,12362,12354,12358,12316,12320,12324,12311,12307,12303,12287,12291,12299,11903,11915,11911,12270,11907,12266,11868,11872,11864,11551,11559,11555,10794,10786,10790,9852,9856,9860,9832,9824,9828,9820,9813,9809,9800,9804,9836,9864,9868,9872,9876,9880,9884,9888,9892,11392,12275,12279,12283&#8243;][\/vc_column][\/vc_row][vc_row][vc_column][vc_empty_space][vc_empty_space][\/vc_column][\/vc_row][vc_row][vc_column][vc_column_text][\/vc_column_text][vc_column_text el_class=&#8221;texto2&#8243;]<\/p>\n<div class=\"page\" title=\"Page 1\">\n<div class=\"section\">\n<div class=\"layoutArea\">\n<div class=\"column\">\n<h2 style=\"font-size: 18px !important; font-family: 'pf_din_text_cond_prolight' !important;\"><strong>Dise\u00f1o de oficinas en Barcelona<\/strong><\/h2>\n<p><span style=\"font-weight: 300;\">Gecom es una empresa l\u00edder en el dise\u00f1o e <\/span><strong>interiorismo de oficinas en Barcelona<\/strong><span style=\"font-weight: 300;\"> desde hace m\u00e1s de 15 a\u00f1os. Nuestra amplia trayectoria en el sector nos ha permitido evolucionar y formarnos como profesionales, adquiriendo todos los conocimientos necesarios para gestionar cualquier proyecto de forma \u00f3ptima.<\/span><\/p>\n<div class=\"page\" title=\"Page 1\">\n<div class=\"section\">\n<div class=\"layoutArea\">\n<div class=\"column\">\n<p>Toda oficina ha de transmitir la esencia y los valores de su empresa, por lo que esta condici\u00f3n est\u00e1 presente en el d\u00eda a d\u00eda de nuestro modelo de negocio. Nos preocupamos por conocer en profundidad las necesidades de cada cliente y de su empresa para dise\u00f1ar as\u00ed un<strong> dise\u00f1o de oficina<\/strong> de acuerdo a ello. \u00a0Estudiamos detalladamente la distribuci\u00f3n y rentabilizaci\u00f3n del espacio, de forma que se favorezca la comunicaci\u00f3n y se ofrezcan las m\u00e1ximas comodidades. El trato que ofrecemos es cercano y completamente personalizado. \u00a1Desarrollamos cada proyecto como si de nuestro se tratase!<\/p>\n<p>&nbsp;<\/p>\n<\/div>\n<h2 style=\"font-size: 18px !important; font-family: 'pf_din_text_cond_prolight' !important;\"><strong>Construcci\u00f3n de oficinas en Barcelona con acabados de calidad<\/strong><\/h2>\n<div class=\"column\">\n<p>Estamos a la \u00faltima en tecnolog\u00eda, por lo que somos capaces de ofrecer la mejor iluminaci\u00f3n y se\u00f1alizaci\u00f3n, as\u00ed como los dem\u00e1s elementos est\u00e9ticos. Fabricamos a medida los elementos requeridos, as\u00ed como las mesas, sillas, escritorios y todo el mobiliario que se solicite.<\/p>\n<p>\u00bfEst\u00e1s pensando en redise\u00f1ar tu oficina? Ponte en contacto con nosotros y d\u00e9jate asesorar por nuestro gran equipo de profesionales. Trabajaremos para que la excelencia est\u00e9 presente en el <strong>dise\u00f1o de tu oficina<\/strong>.<\/p>\n<h2 style=\"font-size: 18px !important; font-family: 'pf_din_text_cond_prolight' !important;\"><strong>\u00bfBuscas interiorista de oficinas en Barcelona?<\/strong><\/h2>\n<p>Contar con un espacio agradable, funcional y que ofrezca una clara imagen corporativa, es fundamental para mejorar el rendimiento de los trabajadores y consolidar la imagen de marca.<\/p>\n<p>En Gecom somos conscientes de ello, y ayudamos a nuestros clientes a hacer crecer su marca mediante la creaci\u00f3n de un espacio de trabajo adaptado a sus necesidades. Trabajamos para lograr ambientes actuales y agradables, sin estridencias ni distracciones para los trabajadores. Personalizamos al m\u00e1ximo cada rinc\u00f3n y mezclamos estilos para conformar espacios \u00fanicos.<\/p>\n<h2 style=\"font-size: 18px !important; font-family: 'pf_din_text_cond_prolight' !important;\"><strong>Expertos en dise\u00f1o de oficinas en Barcelona<\/strong><\/h2>\n<p>Si crees que ha llegado el momento de aportar un toque diferente a tu oficina, no dudes en ponerte en contacto con nosotros. Cu\u00e9ntanos tu proyecto de interiorismo o reforma, haznos saber todos los detalles que tienes en mente y los resultados que quieres conseguir. Nuestra profesionalidad y compromiso nos avalan, y estamos deseando demostr\u00e1rtelo.<\/p>\n<h2 style=\"font-size: 18px !important; font-family: 'pf_din_text_cond_prolight' !important;\"><strong>Interiorismo de oficinas en Barcelona: transforma tu espacio, inspira a tu equipo<\/strong><\/h2>\n<p>En Gecom sabemos que el <strong>interiorismo de oficinas en Barcelona<\/strong> no se trata solo de decorar paredes o elegir muebles bonitos. Es mucho m\u00e1s: es crear un entorno que motive, que invite a la creatividad y que refleje la identidad \u00fanica de tu empresa.<\/p>\n<p>Cada proyecto de interiorismo que realizamos en Barcelona es una historia diferente. Escuchamos con atenci\u00f3n tus ideas, tus necesidades y hasta esos peque\u00f1os detalles que hacen especial a tu negocio. Porque un espacio bien dise\u00f1ado no solo mejora la est\u00e9tica, sino que tambi\u00e9n aumenta la productividad y el bienestar de quienes trabajan all\u00ed.<\/p>\n<p>Adem\u00e1s, nuestro equipo combina experiencia, innovaci\u00f3n y buen gusto para que el interiorismo de tu oficina sea funcional, acogedor y moderno. Sabemos que en Barcelona el estilo y la eficiencia van de la mano, y por eso dise\u00f1amos espacios que encajan con la vida din\u00e1mica de la ciudad y las tendencias m\u00e1s actuales.<\/p>\n<p>\u00bfQuieres una oficina que hable por ti y marque la diferencia? Con Gecom, el <strong>interiorismo de oficinas en Barcelona<\/strong> se convierte en una experiencia personalizada y llena de resultados reales. Ponte en contacto con nosotros y descubre c\u00f3mo podemos ayudarte a transformar tu lugar de trabajo en un espacio donde cada detalle importa.<\/p>\n<p>                <!-- Fin nuevo texto -->\n<\/div>\n<\/div>\n<\/div>\n<\/div>\n<\/div>\n<\/div>\n<\/div>\n<\/div>\n<p>[\/vc_column_text][\/vc_column][\/vc_row]<\/p>\n","protected":false},"excerpt":{"rendered":"[vc_row][vc_column][vc_column_text][\/vc_column_text][\/vc_column][\/vc_row][vc_row][vc_column][vc_empty_space height=&#8221;80px&#8221;][\/vc_column][\/vc_row][vc_row][vc_column width=&#8221;2\/3&#8243;][vc_column_text el_class=&#8221;texto2&#8243;] GECOM ES UNA EMPRESA CONSTRUCTORA MULTIDISCIPLINAR ESPECIALIZADA EN PROYECTOS DE RETAIL, DE OFICINAS CORPORATIVAS Y DE HOTELES CON SEDE EN BARCELONA Y COBERTURA EN TODA EUROPA. Dise\u00f1o y interiorismo de oficinas en Barcelona &nbsp; En GECOM trabajamos con los mejores profesionales para la construcci\u00f3n y dise\u00f1o de oficinas cuidadas y funcionales para tu empresa. Nuestra prioridad es siempre el cliente y sabemos que para ello la comunicaci\u00f3n es fundamental. [\/vc_column_text][\/vc_column][vc_column width=&#8221;1\/3&#8243; el_class=&#8221;border-retail&#8221;][vc_column_text el_class=&#8221;texto2&#8243;] GRACIAS A NUESTRO COMPROMISO PODEMOS OFRECER: &#8211; Gesti\u00f3n integral de proyectos &#8211; Acabados de alta calidad &#8211; Agilidad en la ejecuci\u00f3n &#8211; Alta capacidad de respuesta &#8211; Mano de obra especializada &#8211; Costes competitivos [\/vc_column_text][\/vc_column][\/vc_row][vc_row][vc_column][vc_empty_space height=&#8221;80px&#8221;][\/vc_column][\/vc_row][vc_row][vc_column][vc_column_text el_class=&#8221;texto2&#8243;] GALER\u00cdA DE PROYECTOS DE DISE\u00d1O DE OFICINAS [\/vc_column_text][vc_empty_space height=&#8221;30px&#8221;][vc_masonry_media_grid gap=&#8221;4&#8243; item=&#8221;mediaGrid_SlideInTitle&#8221; grid_id=&#8221;vc_gid:1748431256027-03cf34094ffd5225e909718819d06690-8&#8243; include=&#8221;12553,12587,12530,12538,12534,12526,12337,12349,12491,12479,12475,12467,12487,12483,12428,12415,12471,12374,12370,12366,12362,12354,12358,12316,12320,12324,12311,12307,12303,12287,12291,12299,11903,11915,11911,12270,11907,12266,11868,11872,11864,11551,11559,11555,10794,10786,10790,9852,9856,9860,9832,9824,9828,9820,9813,9809,9800,9804,9836,9864,9868,9872,9876,9880,9884,9888,9892,11392,12275,12279,12283&#8243;][\/vc_column][\/vc_row][vc_row][vc_column][vc_empty_space][vc_empty_space][\/vc_column][\/vc_row][vc_row][vc_column][vc_column_text][\/vc_column_text][vc_column_text el_class=&#8221;texto2&#8243;] Dise\u00f1o de oficinas en Barcelona Gecom es una empresa l\u00edder en el dise\u00f1o e interiorismo de oficinas en Barcelona desde hace m\u00e1s de 15 a\u00f1os. Nuestra amplia trayectoria en el sector nos ha permitido evolucionar y formarnos como profesionales, adquiriendo todos los conocimientos necesarios para gestionar cualquier proyecto de forma \u00f3ptima. Toda oficina ha de transmitir la esencia y los valores de su empresa, por lo que esta condici\u00f3n est\u00e1 presente en el d\u00eda a d\u00eda de nuestro modelo de negocio. Nos preocupamos por conocer en profundidad las necesidades de cada cliente y de su empresa para dise\u00f1ar as\u00ed un dise\u00f1o de oficina de acuerdo a ello. \u00a0Estudiamos detalladamente la distribuci\u00f3n y rentabilizaci\u00f3n del espacio, de forma que se favorezca la comunicaci\u00f3n y se ofrezcan las m\u00e1ximas comodidades. El trato que ofrecemos es cercano y completamente personalizado. \u00a1Desarrollamos cada proyecto como si de nuestro se tratase! &nbsp; Construcci\u00f3n de oficinas en Barcelona con acabados de calidad Estamos a la \u00faltima en tecnolog\u00eda, por lo que somos capaces de ofrecer la mejor iluminaci\u00f3n y se\u00f1alizaci\u00f3n, as\u00ed como los dem\u00e1s elementos est\u00e9ticos. Fabricamos a medida los elementos requeridos, as\u00ed como las mesas, sillas, escritorios y todo el mobiliario que se solicite. \u00bfEst\u00e1s pensando en redise\u00f1ar tu oficina? Ponte en contacto con nosotros y d\u00e9jate asesorar por nuestro gran equipo de profesionales. Trabajaremos para que la excelencia est\u00e9 presente en el dise\u00f1o de tu oficina. \u00bfBuscas interiorista de oficinas en Barcelona? Contar con un espacio agradable, funcional y que ofrezca una clara imagen corporativa, es fundamental para mejorar el rendimiento de los trabajadores y consolidar la imagen de marca. En Gecom somos conscientes de ello, y ayudamos a nuestros clientes a hacer crecer su marca mediante la creaci\u00f3n de un espacio de trabajo adaptado a sus necesidades. Trabajamos para lograr ambientes actuales y agradables, sin estridencias ni distracciones para los trabajadores. Personalizamos al m\u00e1ximo cada rinc\u00f3n y mezclamos estilos para conformar espacios \u00fanicos. Expertos en dise\u00f1o de oficinas en Barcelona Si crees que ha llegado el momento de aportar un toque diferente a tu oficina, no dudes en ponerte en contacto con nosotros. Cu\u00e9ntanos tu proyecto de interiorismo o reforma, haznos saber todos los detalles que tienes en mente y los resultados que quieres conseguir. Nuestra profesionalidad y compromiso nos avalan, y estamos deseando demostr\u00e1rtelo. Interiorismo de oficinas en Barcelona: transforma tu espacio, inspira a tu equipo En Gecom sabemos que el interiorismo de oficinas en Barcelona no se trata solo de decorar paredes o elegir muebles bonitos. Es mucho m\u00e1s: es crear un entorno que motive, que invite a la creatividad y que refleje la identidad \u00fanica de tu empresa. Cada proyecto de interiorismo que realizamos en Barcelona es una historia diferente. Escuchamos con atenci\u00f3n tus ideas, tus necesidades y hasta esos peque\u00f1os detalles que hacen especial a tu negocio. Porque un espacio bien dise\u00f1ado no solo mejora la est\u00e9tica, sino que tambi\u00e9n aumenta la productividad y el bienestar de quienes trabajan all\u00ed. Adem\u00e1s, nuestro equipo combina experiencia, innovaci\u00f3n y buen gusto para que el interiorismo de tu oficina sea funcional, acogedor y moderno. Sabemos que en Barcelona el estilo y la eficiencia van de la mano, y por eso dise\u00f1amos espacios que encajan con la vida din\u00e1mica de la ciudad y las tendencias m\u00e1s actuales. \u00bfQuieres una oficina que hable por ti y marque la diferencia? Con Gecom, el interiorismo de oficinas en Barcelona se convierte en una experiencia personalizada y llena de resultados reales. Ponte en contacto con nosotros y descubre c\u00f3mo podemos ayudarte a transformar tu lugar de trabajo en un espacio donde cada detalle importa. [\/vc_column_text][\/vc_column][\/vc_row]","protected":false},"author":7,"featured_media":0,"parent":0,"menu_order":0,"comment_status":"closed","ping_status":"closed","template":"","meta":{"footnotes":""},"class_list":["post-12952","page","type-page","status-publish","hentry"],"yoast_head":"<!-- This site is optimized with the Yoast SEO plugin v27.2 - https:\/\/yoast.com\/product\/yoast-seo-wordpress\/ -->\n<title>Interiorismo y dise\u00f1o de oficinas en Barcelona | WeareGecom<\/title>\n<meta name=\"description\" content=\"Empresa especializada en dise\u00f1o de oficinas e interiorismo en Barcelona. Proyectos de retail, oficinas corporativas y de hoteles. Cobertura en toda Europa.\" \/>\n<meta name=\"robots\" content=\"index, follow, max-snippet:-1, max-image-preview:large, max-video-preview:-1\" \/>\n<link rel=\"canonical\" href=\"https:\/\/www.wearegecom.com\/es\/interiorismo-oficinas\/\" \/>\n<meta property=\"og:locale\" content=\"es_ES\" \/>\n<meta property=\"og:type\" content=\"article\" \/>\n<meta property=\"og:title\" content=\"Interiorismo y dise\u00f1o de oficinas en Barcelona | WeareGecom\" \/>\n<meta property=\"og:description\" content=\"Empresa especializada en dise\u00f1o de oficinas e interiorismo en Barcelona. Proyectos de retail, oficinas corporativas y de hoteles. Cobertura en toda Europa.\" \/>\n<meta property=\"og:url\" content=\"https:\/\/www.wearegecom.com\/es\/interiorismo-oficinas\/\" \/>\n<meta property=\"og:site_name\" content=\"GECOM\" \/>\n<meta property=\"article:modified_time\" content=\"2025-05-28T11:25:34+00:00\" \/>\n<meta name=\"twitter:card\" content=\"summary_large_image\" \/>\n<meta name=\"twitter:label1\" content=\"Est. reading time\" \/>\n\t<meta name=\"twitter:data1\" content=\"3 minutes\" \/>\n<script type=\"application\/ld+json\" class=\"yoast-schema-graph\">{\"@context\":\"https:\/\/schema.org\",\"@graph\":[{\"@type\":\"WebPage\",\"@id\":\"https:\/\/www.wearegecom.com\/es\/interiorismo-oficinas\/\",\"url\":\"https:\/\/www.wearegecom.com\/es\/interiorismo-oficinas\/\",\"name\":\"Interiorismo y dise\u00f1o de oficinas en Barcelona | WeareGecom\",\"isPartOf\":{\"@id\":\"https:\/\/www.wearegecom.com\/es\/#website\"},\"datePublished\":\"2022-03-04T10:54:49+00:00\",\"dateModified\":\"2025-05-28T11:25:34+00:00\",\"description\":\"Empresa especializada en dise\u00f1o de oficinas e interiorismo en Barcelona. Proyectos de retail, oficinas corporativas y de hoteles. Cobertura en toda Europa.\",\"breadcrumb\":{\"@id\":\"https:\/\/www.wearegecom.com\/es\/interiorismo-oficinas\/#breadcrumb\"},\"inLanguage\":\"es\",\"potentialAction\":[{\"@type\":\"ReadAction\",\"target\":[\"https:\/\/www.wearegecom.com\/es\/interiorismo-oficinas\/\"]}]},{\"@type\":\"BreadcrumbList\",\"@id\":\"https:\/\/www.wearegecom.com\/es\/interiorismo-oficinas\/#breadcrumb\",\"itemListElement\":[{\"@type\":\"ListItem\",\"position\":1,\"name\":\"Home\",\"item\":\"https:\/\/www.wearegecom.com\/es\/\"},{\"@type\":\"ListItem\",\"position\":2,\"name\":\"Dise\u00f1o e interiorismo de oficinas en Barcelona\"}]},{\"@type\":\"WebSite\",\"@id\":\"https:\/\/www.wearegecom.com\/es\/#website\",\"url\":\"https:\/\/www.wearegecom.com\/es\/\",\"name\":\"GECOM\",\"description\":\"We are Design Builders\",\"publisher\":{\"@id\":\"https:\/\/www.wearegecom.com\/es\/#organization\"},\"potentialAction\":[{\"@type\":\"SearchAction\",\"target\":{\"@type\":\"EntryPoint\",\"urlTemplate\":\"https:\/\/www.wearegecom.com\/es\/?s={search_term_string}\"},\"query-input\":{\"@type\":\"PropertyValueSpecification\",\"valueRequired\":true,\"valueName\":\"search_term_string\"}}],\"inLanguage\":\"es\"},{\"@type\":\"Organization\",\"@id\":\"https:\/\/www.wearegecom.com\/es\/#organization\",\"name\":\"Wearegecom\",\"url\":\"https:\/\/www.wearegecom.com\/es\/\",\"logo\":{\"@type\":\"ImageObject\",\"inLanguage\":\"es\",\"@id\":\"https:\/\/www.wearegecom.com\/es\/#\/schema\/logo\/image\/\",\"url\":\"https:\/\/www.wearegecom.com\/wp-content\/uploads\/2017\/03\/otro-logo-gecom.png\",\"contentUrl\":\"https:\/\/www.wearegecom.com\/wp-content\/uploads\/2017\/03\/otro-logo-gecom.png\",\"width\":175,\"height\":97,\"caption\":\"Wearegecom\"},\"image\":{\"@id\":\"https:\/\/www.wearegecom.com\/es\/#\/schema\/logo\/image\/\"}}]}<\/script>\n<!-- \/ Yoast SEO plugin. -->","yoast_head_json":{"title":"Interiorismo y dise\u00f1o de oficinas en Barcelona | WeareGecom","description":"Empresa especializada en dise\u00f1o de oficinas e interiorismo en Barcelona. Proyectos de retail, oficinas corporativas y de hoteles. Cobertura en toda Europa.","robots":{"index":"index","follow":"follow","max-snippet":"max-snippet:-1","max-image-preview":"max-image-preview:large","max-video-preview":"max-video-preview:-1"},"canonical":"https:\/\/www.wearegecom.com\/es\/interiorismo-oficinas\/","og_locale":"es_ES","og_type":"article","og_title":"Interiorismo y dise\u00f1o de oficinas en Barcelona | WeareGecom","og_description":"Empresa especializada en dise\u00f1o de oficinas e interiorismo en Barcelona. Proyectos de retail, oficinas corporativas y de hoteles. Cobertura en toda Europa.","og_url":"https:\/\/www.wearegecom.com\/es\/interiorismo-oficinas\/","og_site_name":"GECOM","article_modified_time":"2025-05-28T11:25:34+00:00","twitter_card":"summary_large_image","twitter_misc":{"Est. reading time":"3 minutes"},"schema":{"@context":"https:\/\/schema.org","@graph":[{"@type":"WebPage","@id":"https:\/\/www.wearegecom.com\/es\/interiorismo-oficinas\/","url":"https:\/\/www.wearegecom.com\/es\/interiorismo-oficinas\/","name":"Interiorismo y dise\u00f1o de oficinas en Barcelona | WeareGecom","isPartOf":{"@id":"https:\/\/www.wearegecom.com\/es\/#website"},"datePublished":"2022-03-04T10:54:49+00:00","dateModified":"2025-05-28T11:25:34+00:00","description":"Empresa especializada en dise\u00f1o de oficinas e interiorismo en Barcelona. Proyectos de retail, oficinas corporativas y de hoteles. Cobertura en toda Europa.","breadcrumb":{"@id":"https:\/\/www.wearegecom.com\/es\/interiorismo-oficinas\/#breadcrumb"},"inLanguage":"es","potentialAction":[{"@type":"ReadAction","target":["https:\/\/www.wearegecom.com\/es\/interiorismo-oficinas\/"]}]},{"@type":"BreadcrumbList","@id":"https:\/\/www.wearegecom.com\/es\/interiorismo-oficinas\/#breadcrumb","itemListElement":[{"@type":"ListItem","position":1,"name":"Home","item":"https:\/\/www.wearegecom.com\/es\/"},{"@type":"ListItem","position":2,"name":"Dise\u00f1o e interiorismo de oficinas en Barcelona"}]},{"@type":"WebSite","@id":"https:\/\/www.wearegecom.com\/es\/#website","url":"https:\/\/www.wearegecom.com\/es\/","name":"GECOM","description":"We are Design Builders","publisher":{"@id":"https:\/\/www.wearegecom.com\/es\/#organization"},"potentialAction":[{"@type":"SearchAction","target":{"@type":"EntryPoint","urlTemplate":"https:\/\/www.wearegecom.com\/es\/?s={search_term_string}"},"query-input":{"@type":"PropertyValueSpecification","valueRequired":true,"valueName":"search_term_string"}}],"inLanguage":"es"},{"@type":"Organization","@id":"https:\/\/www.wearegecom.com\/es\/#organization","name":"Wearegecom","url":"https:\/\/www.wearegecom.com\/es\/","logo":{"@type":"ImageObject","inLanguage":"es","@id":"https:\/\/www.wearegecom.com\/es\/#\/schema\/logo\/image\/","url":"https:\/\/www.wearegecom.com\/wp-content\/uploads\/2017\/03\/otro-logo-gecom.png","contentUrl":"https:\/\/www.wearegecom.com\/wp-content\/uploads\/2017\/03\/otro-logo-gecom.png","width":175,"height":97,"caption":"Wearegecom"},"image":{"@id":"https:\/\/www.wearegecom.com\/es\/#\/schema\/logo\/image\/"}}]}},"_links":{"self":[{"href":"https:\/\/www.wearegecom.com\/es\/wp-json\/wp\/v2\/pages\/12952","targetHints":{"allow":["GET"]}}],"collection":[{"href":"https:\/\/www.wearegecom.com\/es\/wp-json\/wp\/v2\/pages"}],"about":[{"href":"https:\/\/www.wearegecom.com\/es\/wp-json\/wp\/v2\/types\/page"}],"author":[{"embeddable":true,"href":"https:\/\/www.wearegecom.com\/es\/wp-json\/wp\/v2\/users\/7"}],"replies":[{"embeddable":true,"href":"https:\/\/www.wearegecom.com\/es\/wp-json\/wp\/v2\/comments?post=12952"}],"version-history":[{"count":7,"href":"https:\/\/www.wearegecom.com\/es\/wp-json\/wp\/v2\/pages\/12952\/revisions"}],"predecessor-version":[{"id":15026,"href":"https:\/\/www.wearegecom.com\/es\/wp-json\/wp\/v2\/pages\/12952\/revisions\/15026"}],"wp:attachment":[{"href":"https:\/\/www.wearegecom.com\/es\/wp-json\/wp\/v2\/media?parent=12952"}],"curies":[{"name":"wp","href":"https:\/\/api.w.org\/{rel}","templated":true}]}}