{"id":8171,"date":"2019-01-08T14:20:37","date_gmt":"2019-01-08T14:20:37","guid":{"rendered":"https:\/\/www.wearegecom.com\/?page_id=8171"},"modified":"2019-01-08T14:20:37","modified_gmt":"2019-01-08T14:20:37","slug":"politica-de-privadesa-de-dades","status":"publish","type":"page","link":"https:\/\/www.wearegecom.com\/ca\/politica-de-privadesa-de-dades\/","title":{"rendered":"POL\u00cdTICA DE PRIVADESA DE DADES"},"content":{"rendered":"<h2><strong><br \/>\nPOL\u00cdTICA DE PRIVADESA DE DADES<\/p>\n<p><\/strong><\/h2>\n<ol>\n<li><strong> IDENTIFICACI\u00d3 DEL TITULAR<\/strong><\/li>\n<\/ol>\n<p><strong>GECOM SERVICIOS DE COMUNICACI\u00d3N, S.L.<\/strong>, \u00e9s el titular del lloc web que vost\u00e8 visita, essent el Responsable del tractament de les dades personals de l&#8217;Usuari, per la qual cosa en el tractament de les seves dades de car\u00e0cter personal, garanteix el compliment de la normativa vigent en mat\u00e8ria de protecci\u00f3 de dades LOPD i RGPD, aix\u00ed com la normativa sobre Serveis de la Societat de la Informaci\u00f3 i el Comer\u00e7 Electr\u00f2nic (LSSICE o LSSI), per la qual cosa es facilita la seg\u00fcent informaci\u00f3 del tractament.<\/p>\n<p>Aquesta pol\u00edtica de privadesa estableix la forma i proporciona la informaci\u00f3 necess\u00e0ria sobre la gesti\u00f3 i el tractament de les dades personals recollides en aquesta web. L&#8217;usuari haur\u00e0 de llegir-la i acceptar-la abans de seguir fent-la servir.<\/p>\n<ol start=\"2\">\n<li><strong> MENORS<\/strong><\/li>\n<\/ol>\n<p>Queda prohibit l&#8217;acc\u00e9s i \u00fas d&#8217;aquest lloc web als menors de 18 anys que no estiguin degudament autoritzats. <strong>GECOM SERVICIOS DE COMUNICACI\u00d3N, S.L.<\/strong>, ent\u00e9n que des del moment en qu\u00e8 un menor accedeix a aquesta Web, compta amb el perm\u00eds dels seus pares, del seu tutor o del seu representant legal.<\/p>\n<p><strong>GECOM SERVICIOS DE COMUNICACI\u00d3N, S.L. <\/strong>informa que existeixen programes inform\u00e0tics per fitar la navegaci\u00f3 mitjan\u00e7ant el filtre o bloqueig a determinats continguts<\/p>\n<ol start=\"3\">\n<li><strong> ENVIAMENT I REGISTRE DE DADES PERSONALS<\/strong><\/li>\n<\/ol>\n<p>L&#8217;enviament de dades de car\u00e0cter personal \u00e9s obligatori per sol\u00b7licitar informaci\u00f3, contactar, subscriure&#8217;s als nostres butlletins i\/o realitzar operacions comercials o mercantils amb <strong>GECOM SERVICIOS DE COMUNICACI\u00d3N, S.L.<\/strong>. No facilitar les dades personals sol\u00b7licitades o el no acceptar la present pol\u00edtica de protecci\u00f3 de dades suposa la impossibilitat de dur a terme les sol\u00b7licituds realitzades per vost\u00e8, o subscriure&#8217;s als nostres butlletins.<\/p>\n<ol start=\"4\">\n<li><strong> FINALITAT DEL TRACTAMENT DE DADES <\/strong><\/li>\n<\/ol>\n<p>Les dades que li sol\u00b7licitem a tot moment, s\u00f3n les adequades, pertinents i estrictament necess\u00e0ries per a la finalitat per la qual es recullen. Com a usuari ens certifica que totes les dades que ens envi\u00ef o proporcioni a trav\u00e9s d&#8217;aquests formularis s\u00f3n certs, veritables i pertinents per a la finalitat que han estat sol\u00b7licitades. En funci\u00f3 del formulari o apartat al que accedeixi, la informaci\u00f3 que ens proporcioni s&#8217;utilitzar\u00e0 per a les finalitats descrites a continuaci\u00f3:<\/p>\n<ol>\n<li>Les que indiquem en cadascuna de les p\u00e0gines on aparegui el formulari d&#8217;electr\u00f2nic de registre, contacte, consulta o similar.<\/li>\n<li>Per atendre les seves sol\u00b7licituds i informar sobre els nostres serveis, enc\u00e0rrecs o qualsevol tipus de petici\u00f3 que realitzi a trav\u00e9s de qualsevol de les formes de contacte de la nostra web.<\/li>\n<li><strong>3<\/strong>. Per facilitar als nostres usuaris la subscripci\u00f3 a les nostres publicacions, not\u00edcies peri\u00f2diques o bloc.<\/li>\n<li><strong>4<\/strong>. Per poder elaborar estad\u00edstiques amb finalitats comercials.<\/li>\n<li><strong>5<\/strong>. Per enviar comunicacions comercials pr\u00f2pies relacionades amb els nostres productes, serveis, novetats o promocions, a trav\u00e9s de qualsevol mitj\u00e0 electr\u00f2nic, postal o telef\u00f2nic, aix\u00ed com d&#8217;empreses que col\u00b7laborin amb <strong>GECOM SERVICIOS DE COMUNICACI\u00d3N, S.L.<\/strong>. Aquests tercers mai tindran acc\u00e9s a les seves dades personals, i aquestes comunicacions sempre seran sobre productes i serveis relacionats amb el nostre sector.<\/li>\n<li>Per facilitar el fer-se seguidor dels perfils de <strong>GECOM SERVICIOS DE COMUNICACI\u00d3N, S.L.<\/strong> a les xarxes socials que enllacen a la nostra web. Referent a aix\u00f2 volem que conegui que el tractament de les seves dades personals dins de l&#8217;entorn d&#8217;aquestes xarxes socials, es regir\u00e0 per les pol\u00edtiques de privadesa d&#8217;aquestes xarxes socials. Pel que l\u2019exercici de drets per part de <strong>GECOM SERVICIOS DE COMUNICACI\u00d3N, S.L.<\/strong> quedar\u00e0 limitat a aquells que permeti la xarxa social, per la qual cosa recomanem que abans de seguir els nostres perfils en xarxes socials revisi les condicions d&#8217;\u00fas i pol\u00edtiques de privadesa d&#8217;aquestes xarxes.<\/li>\n<li><strong> CONFIDENCIALITAT, CONSERVACI\u00d3 I CESSI\u00d3 DE DADES<\/strong><\/li>\n<\/ol>\n<p>Les seves dades seran tractades amb la m\u00e0xima confidencialitat per tots els nostres col\u00b7laboradors o empleats en qualsevol fase dels serveis que prestem, sent les seves dades utilitzades exclusivament amb les finalitats que li hem indicat anteriorment.<\/p>\n<p>Les seves dades seran conservades el temps imprescindible per complir les finalitats per a les que es van recollir, aix\u00ed com les obligacions legals oportunes. En el cas de acceptar l\u2019enviament de comunicacions comercials per la nostra part, no seran cancel\u00b7lades fins que no en demani la seva cancel\u00b7laci\u00f3.<\/p>\n<p><strong>GECOM SERVICIOS DE COMUNICACI\u00d3N, S.L.<\/strong>, li garanteix que les seves dades no seran cedides ni comunicades a cap tercer, excepte en els casos legalment previstos i en el cas en qu\u00e8 aquesta cessi\u00f3 es trobi emparada per la legislaci\u00f3, o b\u00e9 sigui imprescindible per poder complir el servei sol\u00b7licitat i\/o contractat. En el cas de cedir les seves dades fora d&#8217;aquests sup\u00f2sits li sol\u00b7licitarem la seva autoritzaci\u00f3 expressament.<\/p>\n<p>No realitzem transfer\u00e8ncies internacionals de dades fora de la Uni\u00f3 Europea.<\/p>\n<ol start=\"6\">\n<li><strong> INCORPORACI\u00d3 DE DADES DE TERCERS<\/strong><\/li>\n<\/ol>\n<p>En el cas que ens faciliti dades de car\u00e0cter personal de terceres persones, declara que es troba autoritzat per aquestes persones per facilitar les seves dades, i declara que els ha informat pr\u00e8viament de tot el que recull la present pol\u00edtica de privadesa, especialment de les dades la nostra empresa i de com exercir els drets que la llei els atorga. En aquest sentit <strong>GECOM SERVICIOS DE COMUNICACI\u00d3N, S.L.<\/strong>, no assumeix cap responsabilitat sobre les dades d&#8217;aquests tercers que ens faciliti, sent la seva exclusiva responsabilitat comptar amb l&#8217;autoritzaci\u00f3 anticipada i proporcionar la informaci\u00f3 necess\u00e0ria als interessats.<\/p>\n<ol start=\"7\">\n<li><strong> EXERCICI DE DRETS<\/strong><\/li>\n<\/ol>\n<p>En tot moment, ens podr\u00e0 remetre una comunicaci\u00f3 per escrit al domicili social o al correu electr\u00f2nic que figura a la nostra web. Per exercir els Dret d&#8217;acc\u00e9s, rectificaci\u00f3, portabilitat i supressi\u00f3 de les seves dades , aix\u00ed com la limitaci\u00f3 o oposici\u00f3 al seu tractament haur\u00e0 d\u2019incloure fotoc\u00f2pia del seu DNI o un altre document que ens permeti identificar-li.<\/p>\n<p><strong> Els drets que pot exercir s\u00f3n els seg\u00fcents:<\/strong><\/p>\n<ol>\n<li>Dret d&#8217;acc\u00e9s, rectificaci\u00f3, portabilitat i supressi\u00f3 de les seves dades , aix\u00ed com la limitaci\u00f3 o oposici\u00f3 al seu tractament.<\/li>\n<li>Dret a realitzar una reclamaci\u00f3 davant l&#8217;autoritat de control, en aquest cas, l&#8217;Ag\u00e8ncia Espanyola de Protecci\u00f3 de Dades, si ho considera oport\u00fa.<\/li>\n<li>Dret a cursar baixa en els nostres serveis de subscripci\u00f3, enviant un correu electr\u00f2nic a:<strong> hola@wearegecom.com\u00a0<\/strong> indicant en la seva sol\u00b7licitud: <strong>BAIXA SUBSCRIPCI\u00d3.<\/strong><\/li>\n<li>Dret a revocar el consentiment prestat per al tractament de les seves dades a qualsevol moment sempre que sigui possible. Si b\u00e9 aquesta revocaci\u00f3 en cap cas tindr\u00e0 car\u00e0cter retroactiu.<\/li>\n<li><strong> ACCEPTACI\u00d3 I CONSENTIMENT<\/strong><\/li>\n<\/ol>\n<p>Mitjan\u00e7ant la marcaci\u00f3 obligat\u00f2ria de les caselles d&#8217;acceptaci\u00f3 de la nostra <strong>\u201cPol\u00edtica de Privadesa\u201d<\/strong> i <strong>\u201c Av\u00eds Legal\u201d<\/strong> i l&#8217;entrada de dades en els camps dels nostres formularis, vost\u00e8 accepta expressament de forma lliure i inequ\u00edvoca, que les seves dades s\u00f3n necess\u00e0ries per atendre la seva petici\u00f3, declarant haver estat informat de les condicions sobre protecci\u00f3 de dades de car\u00e0cter personal, acceptant i per tant consentint el tractament de les seves dades per part de <strong>GECOM SERVICIOS DE COMUNICACI\u00d3N, S.L.<\/strong>, en la forma i per a les finalitats indicades en la present Pol\u00edtica de Privadesa.<\/p>\n<ol start=\"9\">\n<li><strong> MESURES DE SEGURETAT<\/strong><\/li>\n<\/ol>\n<p><strong>GECOM SERVICIOS DE COMUNICACI\u00d3N, S.L.<\/strong>, ha adoptat totes les mesures t\u00e8cniques i organitzatives necess\u00e0ries per garantir la seguretat de les dades personals que ens proporcioni. Evitant aix\u00ed la seva alteraci\u00f3, p\u00e8rdua, tractaments o accessos no autoritzats. No obstant aix\u00f2, l&#8217;anterior, l&#8217;usuari reconeix i accepta que les mesures de seguretat en Internet no s\u00f3n segures al cent per cent.<\/p>\n<ol start=\"10\">\n<li><strong> MODIFICACIONS DE LA PRESENT POL\u00cdTICA DE PRIVADESA<\/strong><\/li>\n<\/ol>\n<p><strong>GECOM SERVICIOS DE COMUNICACI\u00d3N, S.L.<\/strong>, pot alterar la present pol\u00edtica de privadesa per adaptar-la a les modificacions que es produeixin o pels canvis legislatius que vagin apareixent i afectin a les pol\u00edtiques recollides en aquest document. Com a conseq\u00fc\u00e8ncia, recomanem que ho revisi peri\u00f2dicament, aix\u00ed com que es posi en amb nosaltres davant qualsevol tipus de dubte o incid\u00e8ncia en el correu electr\u00f2nic: <strong>\u00a0hola@wearegecom.com\u00a0<\/strong> o en les adreces i tel\u00e8fons de contacte que figuren a la nostra web.<\/p>\n","protected":false},"excerpt":{"rendered":"POL\u00cdTICA DE PRIVADESA DE DADES IDENTIFICACI\u00d3 DEL TITULAR GECOM SERVICIOS DE COMUNICACI\u00d3N, S.L., \u00e9s el titular del lloc web que vost\u00e8 visita, essent el Responsable del tractament de les dades personals de l&#8217;Usuari, per la qual cosa en el tractament de les seves dades de car\u00e0cter personal, garanteix el compliment de la normativa vigent en mat\u00e8ria de protecci\u00f3 de dades LOPD i RGPD, aix\u00ed com la normativa sobre Serveis de la Societat de la Informaci\u00f3 i el Comer\u00e7 Electr\u00f2nic (LSSICE o LSSI), per la qual cosa es facilita la seg\u00fcent informaci\u00f3 del tractament. Aquesta pol\u00edtica de privadesa estableix la forma i proporciona la informaci\u00f3 necess\u00e0ria sobre la gesti\u00f3 i el tractament de les dades personals recollides en aquesta web. L&#8217;usuari haur\u00e0 de llegir-la i acceptar-la abans de seguir fent-la servir. MENORS Queda prohibit l&#8217;acc\u00e9s i \u00fas d&#8217;aquest lloc web als menors de 18 anys que no estiguin degudament autoritzats. GECOM SERVICIOS DE COMUNICACI\u00d3N, S.L., ent\u00e9n que des del moment en qu\u00e8 un menor accedeix a aquesta Web, compta amb el perm\u00eds dels seus pares, del seu tutor o del seu representant legal. GECOM SERVICIOS DE COMUNICACI\u00d3N, S.L. informa que existeixen programes inform\u00e0tics per fitar la navegaci\u00f3 mitjan\u00e7ant el filtre o bloqueig a determinats continguts ENVIAMENT I REGISTRE DE DADES PERSONALS L&#8217;enviament de dades de car\u00e0cter personal \u00e9s obligatori per sol\u00b7licitar informaci\u00f3, contactar, subscriure&#8217;s als nostres butlletins i\/o realitzar operacions comercials o mercantils amb GECOM SERVICIOS DE COMUNICACI\u00d3N, S.L.. No facilitar les dades personals sol\u00b7licitades o el no acceptar la present pol\u00edtica de protecci\u00f3 de dades suposa la impossibilitat de dur a terme les sol\u00b7licituds realitzades per vost\u00e8, o subscriure&#8217;s als nostres butlletins. FINALITAT DEL TRACTAMENT DE DADES Les dades que li sol\u00b7licitem a tot moment, s\u00f3n les adequades, pertinents i estrictament necess\u00e0ries per a la finalitat per la qual es recullen. Com a usuari ens certifica que totes les dades que ens envi\u00ef o proporcioni a trav\u00e9s d&#8217;aquests formularis s\u00f3n certs, veritables i pertinents per a la finalitat que han estat sol\u00b7licitades. En funci\u00f3 del formulari o apartat al que accedeixi, la informaci\u00f3 que ens proporcioni s&#8217;utilitzar\u00e0 per a les finalitats descrites a continuaci\u00f3: Les que indiquem en cadascuna de les p\u00e0gines on aparegui el formulari d&#8217;electr\u00f2nic de registre, contacte, consulta o similar. Per atendre les seves sol\u00b7licituds i informar sobre els nostres serveis, enc\u00e0rrecs o qualsevol tipus de petici\u00f3 que realitzi a trav\u00e9s de qualsevol de les formes de contacte de la nostra web. 3. Per facilitar als nostres usuaris la subscripci\u00f3 a les nostres publicacions, not\u00edcies peri\u00f2diques o bloc. 4. Per poder elaborar estad\u00edstiques amb finalitats comercials. 5. Per enviar comunicacions comercials pr\u00f2pies relacionades amb els nostres productes, serveis, novetats o promocions, a trav\u00e9s de qualsevol mitj\u00e0 electr\u00f2nic, postal o telef\u00f2nic, aix\u00ed com d&#8217;empreses que col\u00b7laborin amb GECOM SERVICIOS DE COMUNICACI\u00d3N, S.L.. Aquests tercers mai tindran acc\u00e9s a les seves dades personals, i aquestes comunicacions sempre seran sobre productes i serveis relacionats amb el nostre sector. Per facilitar el fer-se seguidor dels perfils de GECOM SERVICIOS DE COMUNICACI\u00d3N, S.L. a les xarxes socials que enllacen a la nostra web. Referent a aix\u00f2 volem que conegui que el tractament de les seves dades personals dins de l&#8217;entorn d&#8217;aquestes xarxes socials, es regir\u00e0 per les pol\u00edtiques de privadesa d&#8217;aquestes xarxes socials. Pel que l\u2019exercici de drets per part de GECOM SERVICIOS DE COMUNICACI\u00d3N, S.L. quedar\u00e0 limitat a aquells que permeti la xarxa social, per la qual cosa recomanem que abans de seguir els nostres perfils en xarxes socials revisi les condicions d&#8217;\u00fas i pol\u00edtiques de privadesa d&#8217;aquestes xarxes. CONFIDENCIALITAT, CONSERVACI\u00d3 I CESSI\u00d3 DE DADES Les seves dades seran tractades amb la m\u00e0xima confidencialitat per tots els nostres col\u00b7laboradors o empleats en qualsevol fase dels serveis que prestem, sent les seves dades utilitzades exclusivament amb les finalitats que li hem indicat anteriorment. Les seves dades seran conservades el temps imprescindible per complir les finalitats per a les que es van recollir, aix\u00ed com les obligacions legals oportunes. En el cas de acceptar l\u2019enviament de comunicacions comercials per la nostra part, no seran cancel\u00b7lades fins que no en demani la seva cancel\u00b7laci\u00f3. GECOM SERVICIOS DE COMUNICACI\u00d3N, S.L., li garanteix que les seves dades no seran cedides ni comunicades a cap tercer, excepte en els casos legalment previstos i en el cas en qu\u00e8 aquesta cessi\u00f3 es trobi emparada per la legislaci\u00f3, o b\u00e9 sigui imprescindible per poder complir el servei sol\u00b7licitat i\/o contractat. En el cas de cedir les seves dades fora d&#8217;aquests sup\u00f2sits li sol\u00b7licitarem la seva autoritzaci\u00f3 expressament. No realitzem transfer\u00e8ncies internacionals de dades fora de la Uni\u00f3 Europea. INCORPORACI\u00d3 DE DADES DE TERCERS En el cas que ens faciliti dades de car\u00e0cter personal de terceres persones, declara que es troba autoritzat per aquestes persones per facilitar les seves dades, i declara que els ha informat pr\u00e8viament de tot el que recull la present pol\u00edtica de privadesa, especialment de les dades la nostra empresa i de com exercir els drets que la llei els atorga. En aquest sentit GECOM SERVICIOS DE COMUNICACI\u00d3N, S.L., no assumeix cap responsabilitat sobre les dades d&#8217;aquests tercers que ens faciliti, sent la seva exclusiva responsabilitat comptar amb l&#8217;autoritzaci\u00f3 anticipada i proporcionar la informaci\u00f3 necess\u00e0ria als interessats. EXERCICI DE DRETS En tot moment, ens podr\u00e0 remetre una comunicaci\u00f3 per escrit al domicili social o al correu electr\u00f2nic que figura a la nostra web. Per exercir els Dret d&#8217;acc\u00e9s, rectificaci\u00f3, portabilitat i supressi\u00f3 de les seves dades , aix\u00ed com la limitaci\u00f3 o oposici\u00f3 al seu tractament haur\u00e0 d\u2019incloure fotoc\u00f2pia del seu DNI o un altre document que ens permeti identificar-li. Els drets que pot exercir s\u00f3n els seg\u00fcents: Dret d&#8217;acc\u00e9s, rectificaci\u00f3, portabilitat i supressi\u00f3 de les seves dades , aix\u00ed com la limitaci\u00f3 o oposici\u00f3 al seu tractament. Dret a realitzar una reclamaci\u00f3 davant l&#8217;autoritat de control, en aquest cas, l&#8217;Ag\u00e8ncia Espanyola de Protecci\u00f3 de Dades, si ho considera oport\u00fa. Dret a cursar baixa en els nostres serveis de subscripci\u00f3, enviant un correu electr\u00f2nic a: hola@wearegecom.com\u00a0 indicant en la seva sol\u00b7licitud: BAIXA SUBSCRIPCI\u00d3. Dret a [&hellip;]","protected":false},"author":1,"featured_media":0,"parent":0,"menu_order":0,"comment_status":"closed","ping_status":"closed","template":"","meta":{"footnotes":""},"class_list":["post-8171","page","type-page","status-publish","hentry"],"yoast_head":"<!-- This site is optimized with the Yoast SEO plugin v27.2 - https:\/\/yoast.com\/product\/yoast-seo-wordpress\/ -->\n<title>POL\u00cdTICA DE PRIVADESA DE DADES - GECOM<\/title>\n<meta name=\"description\" content=\"POL\u00cdTICA DE PRIVADESA DE DADES IDENTIFICACI\u00d3 DEL TITULAR GECOM SERVICIOS DE COMUNICACI\u00d3N, S.L., \u00e9s el titular del lloc web que vost\u00e8 visita, essent el\" \/>\n<meta name=\"robots\" content=\"noindex, follow\" \/>\n<meta property=\"og:locale\" content=\"ca_ES\" \/>\n<meta property=\"og:type\" content=\"article\" \/>\n<meta property=\"og:title\" content=\"POL\u00cdTICA DE PRIVADESA DE DADES - GECOM\" \/>\n<meta property=\"og:description\" content=\"POL\u00cdTICA DE PRIVADESA DE DADES IDENTIFICACI\u00d3 DEL TITULAR GECOM SERVICIOS DE COMUNICACI\u00d3N, S.L., \u00e9s el titular del lloc web que vost\u00e8 visita, essent el\" \/>\n<meta property=\"og:url\" content=\"https:\/\/www.wearegecom.com\/ca\/politica-de-privadesa-de-dades\/\" \/>\n<meta property=\"og:site_name\" content=\"GECOM\" \/>\n<meta name=\"twitter:card\" content=\"summary_large_image\" \/>\n<meta name=\"twitter:label1\" content=\"Temps estimat de lectura\" \/>\n\t<meta name=\"twitter:data1\" content=\"7 minuts\" \/>\n<script type=\"application\/ld+json\" class=\"yoast-schema-graph\">{\"@context\":\"https:\/\/schema.org\",\"@graph\":[{\"@type\":\"WebPage\",\"@id\":\"https:\/\/www.wearegecom.com\/ca\/politica-de-privadesa-de-dades\/\",\"url\":\"https:\/\/www.wearegecom.com\/ca\/politica-de-privadesa-de-dades\/\",\"name\":\"POL\u00cdTICA DE PRIVADESA DE DADES - GECOM\",\"isPartOf\":{\"@id\":\"https:\/\/www.wearegecom.com\/es\/#website\"},\"datePublished\":\"2019-01-08T14:20:37+00:00\",\"description\":\"POL\u00cdTICA DE PRIVADESA DE DADES IDENTIFICACI\u00d3 DEL TITULAR GECOM SERVICIOS DE COMUNICACI\u00d3N, S.L., \u00e9s el titular del lloc web que vost\u00e8 visita, essent el\",\"breadcrumb\":{\"@id\":\"https:\/\/www.wearegecom.com\/ca\/politica-de-privadesa-de-dades\/#breadcrumb\"},\"inLanguage\":\"ca\",\"potentialAction\":[{\"@type\":\"ReadAction\",\"target\":[\"https:\/\/www.wearegecom.com\/ca\/politica-de-privadesa-de-dades\/\"]}]},{\"@type\":\"BreadcrumbList\",\"@id\":\"https:\/\/www.wearegecom.com\/ca\/politica-de-privadesa-de-dades\/#breadcrumb\",\"itemListElement\":[{\"@type\":\"ListItem\",\"position\":1,\"name\":\"Home\",\"item\":\"https:\/\/www.wearegecom.com\/ca\/\"},{\"@type\":\"ListItem\",\"position\":2,\"name\":\"POL\u00cdTICA DE PRIVADESA DE DADES\"}]},{\"@type\":\"WebSite\",\"@id\":\"https:\/\/www.wearegecom.com\/es\/#website\",\"url\":\"https:\/\/www.wearegecom.com\/es\/\",\"name\":\"GECOM\",\"description\":\"We are Design Builders\",\"publisher\":{\"@id\":\"https:\/\/www.wearegecom.com\/es\/#organization\"},\"potentialAction\":[{\"@type\":\"SearchAction\",\"target\":{\"@type\":\"EntryPoint\",\"urlTemplate\":\"https:\/\/www.wearegecom.com\/es\/?s={search_term_string}\"},\"query-input\":{\"@type\":\"PropertyValueSpecification\",\"valueRequired\":true,\"valueName\":\"search_term_string\"}}],\"inLanguage\":\"ca\"},{\"@type\":\"Organization\",\"@id\":\"https:\/\/www.wearegecom.com\/es\/#organization\",\"name\":\"Wearegecom\",\"url\":\"https:\/\/www.wearegecom.com\/es\/\",\"logo\":{\"@type\":\"ImageObject\",\"inLanguage\":\"ca\",\"@id\":\"https:\/\/www.wearegecom.com\/es\/#\/schema\/logo\/image\/\",\"url\":\"https:\/\/www.wearegecom.com\/wp-content\/uploads\/2017\/03\/otro-logo-gecom.png\",\"contentUrl\":\"https:\/\/www.wearegecom.com\/wp-content\/uploads\/2017\/03\/otro-logo-gecom.png\",\"width\":175,\"height\":97,\"caption\":\"Wearegecom\"},\"image\":{\"@id\":\"https:\/\/www.wearegecom.com\/es\/#\/schema\/logo\/image\/\"}}]}<\/script>\n<!-- \/ Yoast SEO plugin. -->","yoast_head_json":{"title":"POL\u00cdTICA DE PRIVADESA DE DADES - GECOM","description":"POL\u00cdTICA DE PRIVADESA DE DADES IDENTIFICACI\u00d3 DEL TITULAR GECOM SERVICIOS DE COMUNICACI\u00d3N, S.L., \u00e9s el titular del lloc web que vost\u00e8 visita, essent el","robots":{"index":"noindex","follow":"follow"},"og_locale":"ca_ES","og_type":"article","og_title":"POL\u00cdTICA DE PRIVADESA DE DADES - GECOM","og_description":"POL\u00cdTICA DE PRIVADESA DE DADES IDENTIFICACI\u00d3 DEL TITULAR GECOM SERVICIOS DE COMUNICACI\u00d3N, S.L., \u00e9s el titular del lloc web que vost\u00e8 visita, essent el","og_url":"https:\/\/www.wearegecom.com\/ca\/politica-de-privadesa-de-dades\/","og_site_name":"GECOM","twitter_card":"summary_large_image","twitter_misc":{"Temps estimat de lectura":"7 minuts"},"schema":{"@context":"https:\/\/schema.org","@graph":[{"@type":"WebPage","@id":"https:\/\/www.wearegecom.com\/ca\/politica-de-privadesa-de-dades\/","url":"https:\/\/www.wearegecom.com\/ca\/politica-de-privadesa-de-dades\/","name":"POL\u00cdTICA DE PRIVADESA DE DADES - GECOM","isPartOf":{"@id":"https:\/\/www.wearegecom.com\/es\/#website"},"datePublished":"2019-01-08T14:20:37+00:00","description":"POL\u00cdTICA DE PRIVADESA DE DADES IDENTIFICACI\u00d3 DEL TITULAR GECOM SERVICIOS DE COMUNICACI\u00d3N, S.L., \u00e9s el titular del lloc web que vost\u00e8 visita, essent el","breadcrumb":{"@id":"https:\/\/www.wearegecom.com\/ca\/politica-de-privadesa-de-dades\/#breadcrumb"},"inLanguage":"ca","potentialAction":[{"@type":"ReadAction","target":["https:\/\/www.wearegecom.com\/ca\/politica-de-privadesa-de-dades\/"]}]},{"@type":"BreadcrumbList","@id":"https:\/\/www.wearegecom.com\/ca\/politica-de-privadesa-de-dades\/#breadcrumb","itemListElement":[{"@type":"ListItem","position":1,"name":"Home","item":"https:\/\/www.wearegecom.com\/ca\/"},{"@type":"ListItem","position":2,"name":"POL\u00cdTICA DE PRIVADESA DE DADES"}]},{"@type":"WebSite","@id":"https:\/\/www.wearegecom.com\/es\/#website","url":"https:\/\/www.wearegecom.com\/es\/","name":"GECOM","description":"We are Design Builders","publisher":{"@id":"https:\/\/www.wearegecom.com\/es\/#organization"},"potentialAction":[{"@type":"SearchAction","target":{"@type":"EntryPoint","urlTemplate":"https:\/\/www.wearegecom.com\/es\/?s={search_term_string}"},"query-input":{"@type":"PropertyValueSpecification","valueRequired":true,"valueName":"search_term_string"}}],"inLanguage":"ca"},{"@type":"Organization","@id":"https:\/\/www.wearegecom.com\/es\/#organization","name":"Wearegecom","url":"https:\/\/www.wearegecom.com\/es\/","logo":{"@type":"ImageObject","inLanguage":"ca","@id":"https:\/\/www.wearegecom.com\/es\/#\/schema\/logo\/image\/","url":"https:\/\/www.wearegecom.com\/wp-content\/uploads\/2017\/03\/otro-logo-gecom.png","contentUrl":"https:\/\/www.wearegecom.com\/wp-content\/uploads\/2017\/03\/otro-logo-gecom.png","width":175,"height":97,"caption":"Wearegecom"},"image":{"@id":"https:\/\/www.wearegecom.com\/es\/#\/schema\/logo\/image\/"}}]}},"_links":{"self":[{"href":"https:\/\/www.wearegecom.com\/ca\/wp-json\/wp\/v2\/pages\/8171","targetHints":{"allow":["GET"]}}],"collection":[{"href":"https:\/\/www.wearegecom.com\/ca\/wp-json\/wp\/v2\/pages"}],"about":[{"href":"https:\/\/www.wearegecom.com\/ca\/wp-json\/wp\/v2\/types\/page"}],"author":[{"embeddable":true,"href":"https:\/\/www.wearegecom.com\/ca\/wp-json\/wp\/v2\/users\/1"}],"replies":[{"embeddable":true,"href":"https:\/\/www.wearegecom.com\/ca\/wp-json\/wp\/v2\/comments?post=8171"}],"version-history":[{"count":1,"href":"https:\/\/www.wearegecom.com\/ca\/wp-json\/wp\/v2\/pages\/8171\/revisions"}],"predecessor-version":[{"id":8173,"href":"https:\/\/www.wearegecom.com\/ca\/wp-json\/wp\/v2\/pages\/8171\/revisions\/8173"}],"wp:attachment":[{"href":"https:\/\/www.wearegecom.com\/ca\/wp-json\/wp\/v2\/media?parent=8171"}],"curies":[{"name":"wp","href":"https:\/\/api.w.org\/{rel}","templated":true}]}}