{"id":8160,"date":"2019-01-08T12:40:32","date_gmt":"2019-01-08T12:40:32","guid":{"rendered":"https:\/\/www.wearegecom.com\/ca\/?page_id=8160"},"modified":"2019-01-08T12:47:03","modified_gmt":"2019-01-08T12:47:03","slug":"politica-de-cookies","status":"publish","type":"page","link":"https:\/\/www.wearegecom.com\/ca\/politica-de-cookies\/","title":{"rendered":"POL\u00cdTICA DE COOKIES"},"content":{"rendered":"<h2><strong><br \/>\nPOL\u00cdTICA DE COOKIES<\/p>\n<p><\/strong><\/h2>\n<p><em><strong>\u00bfQu\u00e8 son les Cookies? <\/strong><\/em><\/p>\n<p><em>Una \u201cCookie\u201d \u00e9s un petit arxiu que s\u2019emmagatzema a l\u2019ordinador de l\u2019usuari i ens permet recon\u00e8ixer-lo. El conjunt de \u201ccookies\u201d ens ajuda a millorar la qualitat del nostre web, permetent-nos controlar quines p\u00e0gines s\u00f3n \u00fatils per als nostres usuaris i quines no.<\/em><\/p>\n<p><em>Les cookies s\u00f3n essencials per al funcionament d\u2019Internet, aportant innumerables avantatges en la prestaci\u00f3 de serveis interactius, facilitant-li la navegaci\u00f3 i operativitat del nostre lloc web. Tingui en compte que les cookies no poden espatllar el seu equip i que, a canvi, el fet que estiguin activades ens ajuda a identificar i resoldre els errors.<\/em><\/p>\n<p><em>La informaci\u00f3 que li proporcionem a continuaci\u00f3, l\u2019ajudar\u00e0 a comprendre els diferents tipus de cookies:<\/em><\/p>\n<p><em><strong>Cookies de sessi\u00f3:<\/strong><\/em><em> s\u00f3n cookies temporals que romanen a l\u2019arxiu de cookies del seu navegador fins al moment en qu\u00e8 abandona el lloc web, pel que cap d\u2019aquestes queda registrada al disc dur de l\u2019usuari. La informaci\u00f3 obtinguda per mitj\u00e0 d\u2019aquestes cookies, serveixen per analitzar pautes de tr\u00e0nsit al web. A la llarga, aquest fet ens permet proporcionar una millor experi\u00e8ncia per a millorar el contingut i facilitant-ne el seu \u00fas.<\/em><\/p>\n<p><em><strong>Cookies permanents:<\/strong><\/em><em> s\u00f3n emmagatzemades al disc dur i el nostre web les llegeix cada cop que vost\u00e8 torna a visitar-lo. Aquestes cookies compten amb una data d\u2019expiraci\u00f3 determinada despr\u00e9s de la qual deixar\u00e0 de funcionar.<\/em><\/p>\n<p><em>A continuaci\u00f3 publiquem una relaci\u00f3 de les principals cookies utilitzades al nostre Web, distingint:<\/em><\/p>\n<p><em><strong>Les cookies estrictament necess\u00e0ries:<\/strong><\/em><em> com per exemple, aquelles que serveixen per a una correcta navegaci\u00f3 o les que permeten realitzar serveis sol\u00b7licitats per l\u2019usuari o cookies que serveixen per a garantir que el contingut del lloc web es carrega efica\u00e7ment<\/em><\/p>\n<p><em><strong>Cookies de tercers<\/strong><\/em><em>,<\/em><em> com per exemple, les utilitzades per xarxes socials, o per complements externs de contingut.<\/em><\/p>\n<p><em><strong>Les cookies anal\u00edtiques:<\/strong><\/em><em> compilen dades estad\u00edstiques de l\u2019activitat amb prop\u00f2sits de manteniment peri\u00f2dic i amb l\u2019objectiu de garantir el millor servei possible a l\u2019usuari.<\/em><\/p>\n<p><em>La taula que publiquem a continuaci\u00f3 recull, de manera esquematitzada, les cookies que utilitzem al nostre lloc web:<\/em><\/p>\n<p><em> <\/em><\/p>\n<table width=\"504\">\n<tbody>\n<tr>\n<td width=\"54\"><strong> <\/strong><\/p>\n<p><strong>Cookie<\/strong><\/td>\n<td width=\"63\"><strong> <\/strong><\/p>\n<p><strong>Tipus<\/strong><\/p>\n<p><strong> <\/strong><\/td>\n<td width=\"54\"><strong> <\/strong><\/p>\n<p><strong>Duraci\u00f3<\/strong><\/td>\n<td width=\"180\"><strong> <\/strong><\/p>\n<p><strong>Prop\u00f2sit y finalitat<\/strong><\/p>\n<p><strong> <\/strong><\/td>\n<td width=\"153\"><strong>Pol\u00edtica Privacitat <\/strong><\/td>\n<\/tr>\n<tr>\n<td width=\"54\">_ga<\/td>\n<td width=\"63\"><\/td>\n<td width=\"54\">2 anys<\/td>\n<td width=\"180\">Es fa servir per distingir els usuaris.<\/td>\n<td width=\"153\"><\/td>\n<\/tr>\n<tr>\n<td width=\"54\">_gid<\/td>\n<td width=\"63\"><\/td>\n<td width=\"54\">24 hores<\/td>\n<td width=\"180\">Es fa servir per distingir els usuaris.<\/td>\n<td width=\"153\"><\/td>\n<\/tr>\n<tr>\n<td width=\"54\">_gat<\/td>\n<td width=\"63\"><\/td>\n<td width=\"54\">1 minut<\/td>\n<td width=\"180\">S&#8217;usa per limitar el percentatge de sol\u00b7licituds. Si has implementat Google Analytics mitjan\u00e7ant Google Tag Manager, aquesta galeta es dir\u00e0 _dc_gtm_ <property-id>.<\/td>\n<td width=\"153\"><\/td>\n<\/tr>\n<\/tbody>\n<\/table>\n<p><em><strong> <\/strong><\/em><br \/>\n<em><strong>Acceptaci\u00f3 de l\u2019usuari per us de Cookies<\/strong><\/em><\/p>\n<p><strong><u>Navegar per aquesta web amb les cookies activades comporta acceptar expressament el tractament de la informaci\u00f3 recaptada; en la forma i amb les finalitats anteriorment esmentades. <\/u><\/strong><\/p>\n<p><strong><u>\u00a0<\/u><\/strong><\/p>\n<p>D&#8217;igual forma l&#8217;usuari declara con\u00e8ixer la possibilitat de rebutjar el tractament de tals dades o informaci\u00f3 rebutjant el \u201c\u00fas de Cookies\u201d mitjan\u00e7ant la selecci\u00f3 de la configuraci\u00f3 en el seu navegador.<\/p>\n<p><em><strong>Desactivar les Cookies. Opcions del Navegador <\/strong><\/em><\/p>\n<p>La majoria de navegadors li permeten desactivar les cookies. Els navegadors tamb\u00e9 li permeten esborrar les cookies creades per un lloc web espec\u00edfic. Per a aix\u00f2 pot consultar l&#8217;ajuda del seu navegador.<\/p>\n<p>L&#8217;opci\u00f3 de bloqueig de Cookies en el seu navegador pot no permetre-li l&#8217;\u00fas complet de totes les funcions d&#8217;aquesta Web.<\/p>\n<p>Aqu\u00ed pot consultar l&#8217;ajuda dels principals navegadors Web:<\/p>\n<p><strong>\u00a0<\/strong><strong>Chrome:<\/strong> <a href=\"http:\/\/support.google.com\/chrome\/bin\/answer.py?hl=es&amp;answer=95647\">http:\/\/support.google.com\/chrome\/bin\/answer.py?hl=es&amp;answer=95647<\/a><\/p>\n<p><strong>Explorer: <\/strong><a href=\"http:\/\/windows.microsoft.com\/es-es\/windows7\/how-to-manage-cookies-in-internet-explorer-9\">http:\/\/windows.microsoft.com\/es-es\/windows7\/how-to-manage-cookies-in-internet-explorer-9<\/a><\/p>\n<p><strong>Firefox:<\/strong> <a href=\"http:\/\/support.mozilla.org\/es\/kb\/habilitar-y-deshabilitar-cookies-que-los-sitios-we\">http:\/\/support.mozilla.org\/es\/kb\/habilitar-y-deshabilitar-cookies-que-los-sitios-we<\/a><\/p>\n<p><strong>Safari:<\/strong> <a href=\"http:\/\/support.apple.com\/kb\/ph5042\">http:\/\/support.apple.com\/kb\/ph5042<\/a><\/p>\n<p><strong>Safari para IOS:<\/strong><a href=\"http:\/\/support.apple.com\/kb\/HT1677?viewlocale=es_ES&amp;locale=es_ES\">http:\/\/support.apple.com\/kb\/HT1677?viewlocale=es_ES&amp;locale=es_ES<\/a><\/p>\n<p><strong>Opera:<\/strong> <a href=\"http:\/\/help.opera.com\/Windows\/11.50\/es-ES\/cookies.html\">http:\/\/help.opera.com\/Windows\/11.50\/es-ES\/cookies.html<\/a><\/p>\n<p><strong><br \/>\nSi encara aix\u00ed precisa de m\u00e9s informaci\u00f3 sobre el particular, no dubti en contactar-nos: <\/strong><strong>hola@wearegecom.com\u00a0<\/strong><\/p>\n<p><strong>\u00a0<\/strong><\/p>\n<p><em><strong>\u00a0<\/strong><\/em><\/p>\n","protected":false},"excerpt":{"rendered":"POL\u00cdTICA DE COOKIES \u00bfQu\u00e8 son les Cookies? Una \u201cCookie\u201d \u00e9s un petit arxiu que s\u2019emmagatzema a l\u2019ordinador de l\u2019usuari i ens permet recon\u00e8ixer-lo. El conjunt de \u201ccookies\u201d ens ajuda a millorar la qualitat del nostre web, permetent-nos controlar quines p\u00e0gines s\u00f3n \u00fatils per als nostres usuaris i quines no. Les cookies s\u00f3n essencials per al funcionament d\u2019Internet, aportant innumerables avantatges en la prestaci\u00f3 de serveis interactius, facilitant-li la navegaci\u00f3 i operativitat del nostre lloc web. Tingui en compte que les cookies no poden espatllar el seu equip i que, a canvi, el fet que estiguin activades ens ajuda a identificar i resoldre els errors. La informaci\u00f3 que li proporcionem a continuaci\u00f3, l\u2019ajudar\u00e0 a comprendre els diferents tipus de cookies: Cookies de sessi\u00f3: s\u00f3n cookies temporals que romanen a l\u2019arxiu de cookies del seu navegador fins al moment en qu\u00e8 abandona el lloc web, pel que cap d\u2019aquestes queda registrada al disc dur de l\u2019usuari. La informaci\u00f3 obtinguda per mitj\u00e0 d\u2019aquestes cookies, serveixen per analitzar pautes de tr\u00e0nsit al web. A la llarga, aquest fet ens permet proporcionar una millor experi\u00e8ncia per a millorar el contingut i facilitant-ne el seu \u00fas. Cookies permanents: s\u00f3n emmagatzemades al disc dur i el nostre web les llegeix cada cop que vost\u00e8 torna a visitar-lo. Aquestes cookies compten amb una data d\u2019expiraci\u00f3 determinada despr\u00e9s de la qual deixar\u00e0 de funcionar. A continuaci\u00f3 publiquem una relaci\u00f3 de les principals cookies utilitzades al nostre Web, distingint: Les cookies estrictament necess\u00e0ries: com per exemple, aquelles que serveixen per a una correcta navegaci\u00f3 o les que permeten realitzar serveis sol\u00b7licitats per l\u2019usuari o cookies que serveixen per a garantir que el contingut del lloc web es carrega efica\u00e7ment Cookies de tercers, com per exemple, les utilitzades per xarxes socials, o per complements externs de contingut. Les cookies anal\u00edtiques: compilen dades estad\u00edstiques de l\u2019activitat amb prop\u00f2sits de manteniment peri\u00f2dic i amb l\u2019objectiu de garantir el millor servei possible a l\u2019usuari. La taula que publiquem a continuaci\u00f3 recull, de manera esquematitzada, les cookies que utilitzem al nostre lloc web: Cookie Tipus Duraci\u00f3 Prop\u00f2sit y finalitat Pol\u00edtica Privacitat _ga 2 anys Es fa servir per distingir els usuaris. _gid 24 hores Es fa servir per distingir els usuaris. _gat 1 minut S&#8217;usa per limitar el percentatge de sol\u00b7licituds. Si has implementat Google Analytics mitjan\u00e7ant Google Tag Manager, aquesta galeta es dir\u00e0 _dc_gtm_ . Acceptaci\u00f3 de l\u2019usuari per us de Cookies Navegar per aquesta web amb les cookies activades comporta acceptar expressament el tractament de la informaci\u00f3 recaptada; en la forma i amb les finalitats anteriorment esmentades. \u00a0 D&#8217;igual forma l&#8217;usuari declara con\u00e8ixer la possibilitat de rebutjar el tractament de tals dades o informaci\u00f3 rebutjant el \u201c\u00fas de Cookies\u201d mitjan\u00e7ant la selecci\u00f3 de la configuraci\u00f3 en el seu navegador. Desactivar les Cookies. Opcions del Navegador La majoria de navegadors li permeten desactivar les cookies. Els navegadors tamb\u00e9 li permeten esborrar les cookies creades per un lloc web espec\u00edfic. Per a aix\u00f2 pot consultar l&#8217;ajuda del seu navegador. L&#8217;opci\u00f3 de bloqueig de Cookies en el seu navegador pot no permetre-li l&#8217;\u00fas complet de totes les funcions d&#8217;aquesta Web. Aqu\u00ed pot consultar l&#8217;ajuda dels principals navegadors Web: \u00a0Chrome: http:\/\/support.google.com\/chrome\/bin\/answer.py?hl=es&amp;answer=95647 Explorer: http:\/\/windows.microsoft.com\/es-es\/windows7\/how-to-manage-cookies-in-internet-explorer-9 Firefox: http:\/\/support.mozilla.org\/es\/kb\/habilitar-y-deshabilitar-cookies-que-los-sitios-we Safari: http:\/\/support.apple.com\/kb\/ph5042 Safari para IOS:http:\/\/support.apple.com\/kb\/HT1677?viewlocale=es_ES&amp;locale=es_ES Opera: http:\/\/help.opera.com\/Windows\/11.50\/es-ES\/cookies.html Si encara aix\u00ed precisa de m\u00e9s informaci\u00f3 sobre el particular, no dubti en contactar-nos: hola@wearegecom.com\u00a0 \u00a0 \u00a0","protected":false},"author":1,"featured_media":0,"parent":0,"menu_order":0,"comment_status":"closed","ping_status":"closed","template":"","meta":{"footnotes":""},"class_list":["post-8160","page","type-page","status-publish","hentry"],"yoast_head":"<!-- This site is optimized with the Yoast SEO plugin v27.2 - https:\/\/yoast.com\/product\/yoast-seo-wordpress\/ -->\n<title>POL\u00cdTICA DE COOKIES - GECOM<\/title>\n<meta name=\"description\" content=\"POL\u00cdTICA DE COOKIES \u00bfQu\u00e8 son les Cookies? Una \u201cCookie\u201d \u00e9s un petit arxiu que s\u2019emmagatzema a l\u2019ordinador de l\u2019usuari i ens permet recon\u00e8ixer-lo. El\" \/>\n<meta name=\"robots\" content=\"noindex, follow\" \/>\n<meta property=\"og:locale\" content=\"ca_ES\" \/>\n<meta property=\"og:type\" content=\"article\" \/>\n<meta property=\"og:title\" content=\"POL\u00cdTICA DE COOKIES - GECOM\" \/>\n<meta property=\"og:description\" content=\"POL\u00cdTICA DE COOKIES \u00bfQu\u00e8 son les Cookies? Una \u201cCookie\u201d \u00e9s un petit arxiu que s\u2019emmagatzema a l\u2019ordinador de l\u2019usuari i ens permet recon\u00e8ixer-lo. El\" \/>\n<meta property=\"og:url\" content=\"https:\/\/www.wearegecom.com\/ca\/politica-de-cookies\/\" \/>\n<meta property=\"og:site_name\" content=\"GECOM\" \/>\n<meta property=\"article:modified_time\" content=\"2019-01-08T12:47:03+00:00\" \/>\n<meta name=\"twitter:card\" content=\"summary_large_image\" \/>\n<meta name=\"twitter:label1\" content=\"Temps estimat de lectura\" \/>\n\t<meta name=\"twitter:data1\" content=\"3 minuts\" \/>\n<script type=\"application\/ld+json\" class=\"yoast-schema-graph\">{\"@context\":\"https:\/\/schema.org\",\"@graph\":[{\"@type\":\"WebPage\",\"@id\":\"https:\/\/www.wearegecom.com\/ca\/politica-de-cookies\/\",\"url\":\"https:\/\/www.wearegecom.com\/ca\/politica-de-cookies\/\",\"name\":\"POL\u00cdTICA DE COOKIES - GECOM\",\"isPartOf\":{\"@id\":\"https:\/\/www.wearegecom.com\/es\/#website\"},\"datePublished\":\"2019-01-08T12:40:32+00:00\",\"dateModified\":\"2019-01-08T12:47:03+00:00\",\"description\":\"POL\u00cdTICA DE COOKIES \u00bfQu\u00e8 son les Cookies? Una \u201cCookie\u201d \u00e9s un petit arxiu que s\u2019emmagatzema a l\u2019ordinador de l\u2019usuari i ens permet recon\u00e8ixer-lo. El\",\"breadcrumb\":{\"@id\":\"https:\/\/www.wearegecom.com\/ca\/politica-de-cookies\/#breadcrumb\"},\"inLanguage\":\"ca\",\"potentialAction\":[{\"@type\":\"ReadAction\",\"target\":[\"https:\/\/www.wearegecom.com\/ca\/politica-de-cookies\/\"]}]},{\"@type\":\"BreadcrumbList\",\"@id\":\"https:\/\/www.wearegecom.com\/ca\/politica-de-cookies\/#breadcrumb\",\"itemListElement\":[{\"@type\":\"ListItem\",\"position\":1,\"name\":\"Home\",\"item\":\"https:\/\/www.wearegecom.com\/ca\/\"},{\"@type\":\"ListItem\",\"position\":2,\"name\":\"POL\u00cdTICA DE COOKIES\"}]},{\"@type\":\"WebSite\",\"@id\":\"https:\/\/www.wearegecom.com\/es\/#website\",\"url\":\"https:\/\/www.wearegecom.com\/es\/\",\"name\":\"GECOM\",\"description\":\"We are Design Builders\",\"publisher\":{\"@id\":\"https:\/\/www.wearegecom.com\/es\/#organization\"},\"potentialAction\":[{\"@type\":\"SearchAction\",\"target\":{\"@type\":\"EntryPoint\",\"urlTemplate\":\"https:\/\/www.wearegecom.com\/es\/?s={search_term_string}\"},\"query-input\":{\"@type\":\"PropertyValueSpecification\",\"valueRequired\":true,\"valueName\":\"search_term_string\"}}],\"inLanguage\":\"ca\"},{\"@type\":\"Organization\",\"@id\":\"https:\/\/www.wearegecom.com\/es\/#organization\",\"name\":\"Wearegecom\",\"url\":\"https:\/\/www.wearegecom.com\/es\/\",\"logo\":{\"@type\":\"ImageObject\",\"inLanguage\":\"ca\",\"@id\":\"https:\/\/www.wearegecom.com\/es\/#\/schema\/logo\/image\/\",\"url\":\"https:\/\/www.wearegecom.com\/wp-content\/uploads\/2017\/03\/otro-logo-gecom.png\",\"contentUrl\":\"https:\/\/www.wearegecom.com\/wp-content\/uploads\/2017\/03\/otro-logo-gecom.png\",\"width\":175,\"height\":97,\"caption\":\"Wearegecom\"},\"image\":{\"@id\":\"https:\/\/www.wearegecom.com\/es\/#\/schema\/logo\/image\/\"}}]}<\/script>\n<!-- \/ Yoast SEO plugin. -->","yoast_head_json":{"title":"POL\u00cdTICA DE COOKIES - GECOM","description":"POL\u00cdTICA DE COOKIES \u00bfQu\u00e8 son les Cookies? Una \u201cCookie\u201d \u00e9s un petit arxiu que s\u2019emmagatzema a l\u2019ordinador de l\u2019usuari i ens permet recon\u00e8ixer-lo. El","robots":{"index":"noindex","follow":"follow"},"og_locale":"ca_ES","og_type":"article","og_title":"POL\u00cdTICA DE COOKIES - GECOM","og_description":"POL\u00cdTICA DE COOKIES \u00bfQu\u00e8 son les Cookies? Una \u201cCookie\u201d \u00e9s un petit arxiu que s\u2019emmagatzema a l\u2019ordinador de l\u2019usuari i ens permet recon\u00e8ixer-lo. El","og_url":"https:\/\/www.wearegecom.com\/ca\/politica-de-cookies\/","og_site_name":"GECOM","article_modified_time":"2019-01-08T12:47:03+00:00","twitter_card":"summary_large_image","twitter_misc":{"Temps estimat de lectura":"3 minuts"},"schema":{"@context":"https:\/\/schema.org","@graph":[{"@type":"WebPage","@id":"https:\/\/www.wearegecom.com\/ca\/politica-de-cookies\/","url":"https:\/\/www.wearegecom.com\/ca\/politica-de-cookies\/","name":"POL\u00cdTICA DE COOKIES - GECOM","isPartOf":{"@id":"https:\/\/www.wearegecom.com\/es\/#website"},"datePublished":"2019-01-08T12:40:32+00:00","dateModified":"2019-01-08T12:47:03+00:00","description":"POL\u00cdTICA DE COOKIES \u00bfQu\u00e8 son les Cookies? Una \u201cCookie\u201d \u00e9s un petit arxiu que s\u2019emmagatzema a l\u2019ordinador de l\u2019usuari i ens permet recon\u00e8ixer-lo. El","breadcrumb":{"@id":"https:\/\/www.wearegecom.com\/ca\/politica-de-cookies\/#breadcrumb"},"inLanguage":"ca","potentialAction":[{"@type":"ReadAction","target":["https:\/\/www.wearegecom.com\/ca\/politica-de-cookies\/"]}]},{"@type":"BreadcrumbList","@id":"https:\/\/www.wearegecom.com\/ca\/politica-de-cookies\/#breadcrumb","itemListElement":[{"@type":"ListItem","position":1,"name":"Home","item":"https:\/\/www.wearegecom.com\/ca\/"},{"@type":"ListItem","position":2,"name":"POL\u00cdTICA DE COOKIES"}]},{"@type":"WebSite","@id":"https:\/\/www.wearegecom.com\/es\/#website","url":"https:\/\/www.wearegecom.com\/es\/","name":"GECOM","description":"We are Design Builders","publisher":{"@id":"https:\/\/www.wearegecom.com\/es\/#organization"},"potentialAction":[{"@type":"SearchAction","target":{"@type":"EntryPoint","urlTemplate":"https:\/\/www.wearegecom.com\/es\/?s={search_term_string}"},"query-input":{"@type":"PropertyValueSpecification","valueRequired":true,"valueName":"search_term_string"}}],"inLanguage":"ca"},{"@type":"Organization","@id":"https:\/\/www.wearegecom.com\/es\/#organization","name":"Wearegecom","url":"https:\/\/www.wearegecom.com\/es\/","logo":{"@type":"ImageObject","inLanguage":"ca","@id":"https:\/\/www.wearegecom.com\/es\/#\/schema\/logo\/image\/","url":"https:\/\/www.wearegecom.com\/wp-content\/uploads\/2017\/03\/otro-logo-gecom.png","contentUrl":"https:\/\/www.wearegecom.com\/wp-content\/uploads\/2017\/03\/otro-logo-gecom.png","width":175,"height":97,"caption":"Wearegecom"},"image":{"@id":"https:\/\/www.wearegecom.com\/es\/#\/schema\/logo\/image\/"}}]}},"_links":{"self":[{"href":"https:\/\/www.wearegecom.com\/ca\/wp-json\/wp\/v2\/pages\/8160","targetHints":{"allow":["GET"]}}],"collection":[{"href":"https:\/\/www.wearegecom.com\/ca\/wp-json\/wp\/v2\/pages"}],"about":[{"href":"https:\/\/www.wearegecom.com\/ca\/wp-json\/wp\/v2\/types\/page"}],"author":[{"embeddable":true,"href":"https:\/\/www.wearegecom.com\/ca\/wp-json\/wp\/v2\/users\/1"}],"replies":[{"embeddable":true,"href":"https:\/\/www.wearegecom.com\/ca\/wp-json\/wp\/v2\/comments?post=8160"}],"version-history":[{"count":5,"href":"https:\/\/www.wearegecom.com\/ca\/wp-json\/wp\/v2\/pages\/8160\/revisions"}],"predecessor-version":[{"id":8165,"href":"https:\/\/www.wearegecom.com\/ca\/wp-json\/wp\/v2\/pages\/8160\/revisions\/8165"}],"wp:attachment":[{"href":"https:\/\/www.wearegecom.com\/ca\/wp-json\/wp\/v2\/media?parent=8160"}],"curies":[{"name":"wp","href":"https:\/\/api.w.org\/{rel}","templated":true}]}}