{"id":10041,"date":"2019-05-13T14:07:32","date_gmt":"2019-05-13T14:07:32","guid":{"rendered":"https:\/\/www.wearegecom.com\/ca\/retail-builders\/"},"modified":"2024-02-26T15:01:35","modified_gmt":"2024-02-26T15:01:35","slug":"retail-builders-ca-2","status":"publish","type":"page","link":"https:\/\/www.wearegecom.com\/ca\/retail-builders-ca-2\/","title":{"rendered":"Retail Builders"},"content":{"rendered":"<p>[vc_row][vc_column][vc_column_text]\t\t\t<script src=\"\/\/www.wearegecom.com\/wp-content\/plugins\/revslider\/public\/assets\/js\/rbtools.min.js?rev=6.6.18\"><\/script>\n\t\t\t<script src=\"\/\/www.wearegecom.com\/wp-content\/plugins\/revslider\/public\/assets\/js\/rs6.min.js?rev=6.6.18\"><\/script>\n\n\t\t\t<!-- START SlideRetails REVOLUTION SLIDER 6.6.18 --><p class=\"rs-p-wp-fix\"><\/p>\n\t\t\t<rs-module-wrap id=\"rev_slider_36_1_wrapper\" data-source=\"gallery\" style=\"visibility:hidden;background:transparent;padding:0;margin:0px auto;margin-top:0;margin-bottom:0;\">\n\t\t\t\t<rs-module id=\"rev_slider_36_1\" class=\" rs-ov-hidden\" style=\"\" data-version=\"6.6.18\">\n\t\t\t\t\t<rs-slides style=\"overflow: hidden; position: absolute;\">\n\t\t\t\t\t\t<rs-slide style=\"position: absolute;\" data-key=\"rs-116\" data-title=\"Slide\" data-duration=\"8470\" data-anim=\"adpr:false;\">\n\t\t\t\t\t\t\t<img decoding=\"async\" src=\"\/\/www.wearegecom.com\/wp-content\/plugins\/revslider\/public\/assets\/assets\/dummy.png\" alt=\"\" title=\"Retail Builders\" class=\"rev-slidebg tp-rs-img rs-lazyload\" data-lazyload=\"\/\/wearegecom.com\/wp-content\/uploads\/2019\/05\/cabe-retail-web3.jpg\" data-bg=\"p:center top;\" data-parallax=\"off\" data-no-retina>\n<!--\n\t\t\t\t\t\t\t--><rs-layer\n\t\t\t\t\t\t\t\tid=\"slider-36-slide-116-layer-3\" \n\t\t\t\t\t\t\t\tdata-type=\"image\"\n\t\t\t\t\t\t\t\tdata-rsp_ch=\"on\"\n\t\t\t\t\t\t\t\tdata-xy=\"x:133px;y:316px;\"\n\t\t\t\t\t\t\t\tdata-text=\"l:22;a:inherit;\"\n\t\t\t\t\t\t\t\tdata-dim=\"w:246px;h:132px;\"\n\t\t\t\t\t\t\t\tdata-frame_0=\"tp:600;\"\n\t\t\t\t\t\t\t\tdata-frame_1=\"tp:600;st:0;\"\n\t\t\t\t\t\t\t\tdata-frame_999=\"o:0;tp:600;st:w;sR:8170;\"\n\t\t\t\t\t\t\t\tstyle=\"z-index:5;\"\n\t\t\t\t\t\t\t><img decoding=\"async\" src=\"\/\/www.wearegecom.com\/wp-content\/plugins\/revslider\/public\/assets\/assets\/dummy.png\" alt=\"\" class=\"tp-rs-img rs-lazyload\" width=\"246\" height=\"132\" data-lazyload=\"\/\/wearegecom.com\/wp-content\/uploads\/2019\/05\/titulo-slide.png\" data-no-retina> \n\t\t\t\t\t\t\t<\/rs-layer><!--\n-->\t\t\t\t\t\t<\/rs-slide>\n\t\t\t\t\t<\/rs-slides>\n\t\t\t\t<\/rs-module>\n\t\t\t\t<script>\n\t\t\t\t\tsetREVStartSize({c: 'rev_slider_36_1',rl:[1240,1024,778,480],el:[640],gw:[1440],gh:[640],type:'standard',justify:'',layout:'fullwidth',mh:\"0\"});if (window.RS_MODULES!==undefined && window.RS_MODULES.modules!==undefined && window.RS_MODULES.modules[\"revslider361\"]!==undefined) {window.RS_MODULES.modules[\"revslider361\"].once = false;window.revapi36 = undefined;if (window.RS_MODULES.checkMinimal!==undefined) window.RS_MODULES.checkMinimal()}\n\t\t\t\t<\/script>\n\t\t\t<\/rs-module-wrap>\n\t\t\t<!-- END REVOLUTION SLIDER -->\n[\/vc_column_text][\/vc_column][\/vc_row][vc_row][vc_column][vc_empty_space height=&#8221;80px&#8221;][\/vc_column][\/vc_row][vc_row][vc_column width=&#8221;2\/3&#8243;][vc_column_text el_class=&#8221;texto2&#8243;]<\/p>\n<div class=\"page\" title=\"Page 1\">\n<div class=\"section\">\n<div class=\"layoutArea\">\n<div class=\"column\">\n<p><strong>GECOM \u00c9S UNA EMPRESA CONSTRUCTORA MULTIDISCIPLIN\u00c0RIA ESPECIALITZADA EN PROJECTES DE RETAIL, D&#8217;OFICINES CORPORATIVES I D&#8217;HOTELS, AMB SEU A BARCELONA I COBERTURA A TOTA EUROPA.<\/strong><\/p>\n<div class=\"page\" title=\"Page 1\">\n<div class=\"section\">\n<div class=\"layoutArea\">\n<div class=\"column\">\n<p>A GECOM comptem amb els millors professionals per a construir espais comercials atractius cuidant tots els detalls constructius i prioritzant sempre la satisfacci\u00f3 de tots els nostres clients gr\u00e0cies a la nostra experi\u00e8ncia en el sector.<\/p><\/div>\n<\/div>\n<\/div>\n<\/div>\n<\/div>\n<\/div>\n<\/div>\n<\/div>\n<p>[\/vc_column_text][vc_empty_space height=&#8221;50px&#8221;][vc_column_text el_class=&#8221;texto2&#8243;]<\/p>\n<div class=\"page\" title=\"Page 1\">\n<div class=\"section\">\n<div class=\"layoutArea\">\n<div class=\"column\">\n<p><strong>GR\u00c0CIES AL NOSTRE COMPROM\u00cdS PODEM OFERIR:<\/strong><\/p>\n<div class=\"page\" title=\"Page 1\">\n<div class=\"section\">\n<div class=\"layoutArea\">\n<div class=\"column\">\n<p>&#8211; Gesti\u00f3 integral de projectes.<br \/>\n&#8211; Acabats d&#8217;alta qualitat<br \/>\n&#8211; Agilitat en l&#8217;execuci\u00f3<br \/>\n&#8211; Alta capacitat de resposta<br \/>\n&#8211; M\u00e0 d&#8217;obra especialitzada<br \/>\n&#8211; Costos competitius<\/div>\n<\/div>\n<\/div>\n<\/div>\n<\/div>\n<\/div>\n<\/div>\n<\/div>\n<p>[\/vc_column_text][\/vc_column][vc_column width=&#8221;1\/3&#8243; el_class=&#8221;border-retail&#8221;][vc_raw_html]JTNDcCUyMHN0eWxlJTNEJTIyZm9udC1zaXplJTNBJTIwMThweCUzQiUyMGxpbmUtaGVpZ2h0JTNBJTIwMjdweCUzQiUyMHZlcnRpY2FsLWFsaWduJTNBJTBBJTA5JTA5JTA5JTA5JTA5YmFzZWxpbmUlM0IlMjBsZXR0ZXItc3BhY2luZyUzQSUwQSUwOSUwOSUwOSUwOSUwOTEuNzVweCUzQmZvbnQtd2VpZ2h0JTNBJTBBJTA5JTA5JTA5JTA5JTA5NzAwJTNCZm9udC1mYW1pbHklM0FLYXJsYSUzQiUyMiUyMGNsYXNzJTNEJTIyd2lkZ2V0LXRpdGxlJTIyJTNFSW5zdGFncmFtJTNDJTJGcCUzRSUwQSU1Qmluc3RhZ3JhbS1mZWVkJTIwZmVlZCUzRDIlNUQ=[\/vc_raw_html][\/vc_column][\/vc_row][vc_row][vc_column][vc_empty_space height=&#8221;80px&#8221;][\/vc_column][\/vc_row][vc_row][vc_column][vc_column_text el_class=&#8221;texto2&#8243;]<\/p>\n<div class=\"page\" title=\"Page 1\">\n<div class=\"section\">\n<div class=\"layoutArea\">\n<div class=\"column\">\n<p><strong>GALERIA DE PROJECTES RETAIL<\/strong><\/div>\n<\/div>\n<\/div>\n<\/div>\n<p>[\/vc_column_text][vc_empty_space height=&#8221;30px&#8221;][vc_masonry_media_grid gap=&#8221;4&#8243; item=&#8221;mediaGrid_SlideInTitle&#8221; grid_id=&#8221;vc_gid:1708959418661-0be04c2c-b0f7-10&#8243; include=&#8221;12634,12638,12630,12602,12610,12618,12569,12553,12587,12530,12538,12534,12526,12337,12349,12454,12434,12450,12491,12479,12475,12467,12428,12471,12374,12370,12366,12287,12291,12299,11903,11915,11911,11868,11872,11864,9832,9824,9828,13809,13813,13817,13821,13825,13829,13833,13837,13841,13845,13849,13853,13857,13861,13865&#8243;][\/vc_column][\/vc_row]<\/p>\n","protected":false},"excerpt":{"rendered":"[vc_row][vc_column][vc_column_text][\/vc_column_text][\/vc_column][\/vc_row][vc_row][vc_column][vc_empty_space height=&#8221;80px&#8221;][\/vc_column][\/vc_row][vc_row][vc_column width=&#8221;2\/3&#8243;][vc_column_text el_class=&#8221;texto2&#8243;] GECOM \u00c9S UNA EMPRESA CONSTRUCTORA MULTIDISCIPLIN\u00c0RIA ESPECIALITZADA EN PROJECTES DE RETAIL, D&#8217;OFICINES CORPORATIVES I D&#8217;HOTELS, AMB SEU A BARCELONA I COBERTURA A TOTA EUROPA. A GECOM comptem amb els millors professionals per a construir espais comercials atractius cuidant tots els detalls constructius i prioritzant sempre la satisfacci\u00f3 de tots els nostres clients gr\u00e0cies a la nostra experi\u00e8ncia en el sector. [\/vc_column_text][vc_empty_space height=&#8221;50px&#8221;][vc_column_text el_class=&#8221;texto2&#8243;] GR\u00c0CIES AL NOSTRE COMPROM\u00cdS PODEM OFERIR: &#8211; Gesti\u00f3 integral de projectes. &#8211; Acabats d&#8217;alta qualitat &#8211; Agilitat en l&#8217;execuci\u00f3 &#8211; Alta capacitat de resposta &#8211; M\u00e0 d&#8217;obra especialitzada &#8211; Costos competitius [\/vc_column_text][\/vc_column][vc_column width=&#8221;1\/3&#8243; el_class=&#8221;border-retail&#8221;][vc_raw_html]JTNDcCUyMHN0eWxlJTNEJTIyZm9udC1zaXplJTNBJTIwMThweCUzQiUyMGxpbmUtaGVpZ2h0JTNBJTIwMjdweCUzQiUyMHZlcnRpY2FsLWFsaWduJTNBJTBBJTA5JTA5JTA5JTA5JTA5YmFzZWxpbmUlM0IlMjBsZXR0ZXItc3BhY2luZyUzQSUwQSUwOSUwOSUwOSUwOSUwOTEuNzVweCUzQmZvbnQtd2VpZ2h0JTNBJTBBJTA5JTA5JTA5JTA5JTA5NzAwJTNCZm9udC1mYW1pbHklM0FLYXJsYSUzQiUyMiUyMGNsYXNzJTNEJTIyd2lkZ2V0LXRpdGxlJTIyJTNFSW5zdGFncmFtJTNDJTJGcCUzRSUwQSU1Qmluc3RhZ3JhbS1mZWVkJTIwZmVlZCUzRDIlNUQ=[\/vc_raw_html][\/vc_column][\/vc_row][vc_row][vc_column][vc_empty_space height=&#8221;80px&#8221;][\/vc_column][\/vc_row][vc_row][vc_column][vc_column_text el_class=&#8221;texto2&#8243;] GALERIA DE PROJECTES RETAIL [\/vc_column_text][vc_empty_space height=&#8221;30px&#8221;][vc_masonry_media_grid gap=&#8221;4&#8243; item=&#8221;mediaGrid_SlideInTitle&#8221; grid_id=&#8221;vc_gid:1708959418661-0be04c2c-b0f7-10&#8243; include=&#8221;12634,12638,12630,12602,12610,12618,12569,12553,12587,12530,12538,12534,12526,12337,12349,12454,12434,12450,12491,12479,12475,12467,12428,12471,12374,12370,12366,12287,12291,12299,11903,11915,11911,11868,11872,11864,9832,9824,9828,13809,13813,13817,13821,13825,13829,13833,13837,13841,13845,13849,13853,13857,13861,13865&#8243;][\/vc_column][\/vc_row]","protected":false},"author":1,"featured_media":0,"parent":0,"menu_order":0,"comment_status":"closed","ping_status":"closed","template":"","meta":{"footnotes":""},"class_list":["post-10041","page","type-page","status-publish","hentry"],"yoast_head":"<!-- This site is optimized with the Yoast SEO plugin v27.2 - https:\/\/yoast.com\/product\/yoast-seo-wordpress\/ -->\n<title>Retail Builders Barcelona | GECOM<\/title>\n<meta name=\"description\" content=\"GECOM \u00c9S UNA EMPRESA CONSTRUCTORA MULTIDISCIPLIN\u00c0RIA ESPECIALITZADA EN PROJECTES DE RETAIL, D&#039;OFICINES CORPORATIVES I D&#039;HOTELS, AMB SEU A BARCELONA I\" \/>\n<meta name=\"robots\" content=\"index, follow, max-snippet:-1, max-image-preview:large, max-video-preview:-1\" \/>\n<link rel=\"canonical\" href=\"https:\/\/www.wearegecom.com\/ca\/retail-builders-ca-2\/\" \/>\n<meta property=\"og:locale\" content=\"ca_ES\" \/>\n<meta property=\"og:type\" content=\"article\" \/>\n<meta property=\"og:title\" content=\"Retail Builders Barcelona | GECOM\" \/>\n<meta property=\"og:description\" content=\"GECOM \u00c9S UNA EMPRESA CONSTRUCTORA MULTIDISCIPLIN\u00c0RIA ESPECIALITZADA EN PROJECTES DE RETAIL, D&#039;OFICINES CORPORATIVES I D&#039;HOTELS, AMB SEU A BARCELONA I\" \/>\n<meta property=\"og:url\" content=\"https:\/\/www.wearegecom.com\/ca\/retail-builders-ca-2\/\" \/>\n<meta property=\"og:site_name\" content=\"GECOM\" \/>\n<meta property=\"article:modified_time\" content=\"2024-02-26T15:01:35+00:00\" \/>\n<meta name=\"twitter:card\" content=\"summary_large_image\" \/>\n<meta name=\"twitter:label1\" content=\"Temps estimat de lectura\" \/>\n\t<meta name=\"twitter:data1\" content=\"1 minut\" \/>\n<script type=\"application\/ld+json\" class=\"yoast-schema-graph\">{\"@context\":\"https:\/\/schema.org\",\"@graph\":[{\"@type\":\"WebPage\",\"@id\":\"https:\/\/www.wearegecom.com\/ca\/retail-builders-ca-2\/\",\"url\":\"https:\/\/www.wearegecom.com\/ca\/retail-builders-ca-2\/\",\"name\":\"Retail Builders Barcelona | GECOM\",\"isPartOf\":{\"@id\":\"https:\/\/www.wearegecom.com\/es\/#website\"},\"datePublished\":\"2019-05-13T14:07:32+00:00\",\"dateModified\":\"2024-02-26T15:01:35+00:00\",\"description\":\"GECOM \u00c9S UNA EMPRESA CONSTRUCTORA MULTIDISCIPLIN\u00c0RIA ESPECIALITZADA EN PROJECTES DE RETAIL, D'OFICINES CORPORATIVES I D'HOTELS, AMB SEU A BARCELONA I\",\"breadcrumb\":{\"@id\":\"https:\/\/www.wearegecom.com\/ca\/retail-builders-ca-2\/#breadcrumb\"},\"inLanguage\":\"ca\",\"potentialAction\":[{\"@type\":\"ReadAction\",\"target\":[\"https:\/\/www.wearegecom.com\/ca\/retail-builders-ca-2\/\"]}]},{\"@type\":\"BreadcrumbList\",\"@id\":\"https:\/\/www.wearegecom.com\/ca\/retail-builders-ca-2\/#breadcrumb\",\"itemListElement\":[{\"@type\":\"ListItem\",\"position\":1,\"name\":\"Home\",\"item\":\"https:\/\/www.wearegecom.com\/ca\/\"},{\"@type\":\"ListItem\",\"position\":2,\"name\":\"Retail Builders\"}]},{\"@type\":\"WebSite\",\"@id\":\"https:\/\/www.wearegecom.com\/es\/#website\",\"url\":\"https:\/\/www.wearegecom.com\/es\/\",\"name\":\"GECOM\",\"description\":\"We are Design Builders\",\"publisher\":{\"@id\":\"https:\/\/www.wearegecom.com\/es\/#organization\"},\"potentialAction\":[{\"@type\":\"SearchAction\",\"target\":{\"@type\":\"EntryPoint\",\"urlTemplate\":\"https:\/\/www.wearegecom.com\/es\/?s={search_term_string}\"},\"query-input\":{\"@type\":\"PropertyValueSpecification\",\"valueRequired\":true,\"valueName\":\"search_term_string\"}}],\"inLanguage\":\"ca\"},{\"@type\":\"Organization\",\"@id\":\"https:\/\/www.wearegecom.com\/es\/#organization\",\"name\":\"Wearegecom\",\"url\":\"https:\/\/www.wearegecom.com\/es\/\",\"logo\":{\"@type\":\"ImageObject\",\"inLanguage\":\"ca\",\"@id\":\"https:\/\/www.wearegecom.com\/es\/#\/schema\/logo\/image\/\",\"url\":\"https:\/\/www.wearegecom.com\/wp-content\/uploads\/2017\/03\/otro-logo-gecom.png\",\"contentUrl\":\"https:\/\/www.wearegecom.com\/wp-content\/uploads\/2017\/03\/otro-logo-gecom.png\",\"width\":175,\"height\":97,\"caption\":\"Wearegecom\"},\"image\":{\"@id\":\"https:\/\/www.wearegecom.com\/es\/#\/schema\/logo\/image\/\"}}]}<\/script>\n<!-- \/ Yoast SEO plugin. -->","yoast_head_json":{"title":"Retail Builders Barcelona | GECOM","description":"GECOM \u00c9S UNA EMPRESA CONSTRUCTORA MULTIDISCIPLIN\u00c0RIA ESPECIALITZADA EN PROJECTES DE RETAIL, D'OFICINES CORPORATIVES I D'HOTELS, AMB SEU A BARCELONA I","robots":{"index":"index","follow":"follow","max-snippet":"max-snippet:-1","max-image-preview":"max-image-preview:large","max-video-preview":"max-video-preview:-1"},"canonical":"https:\/\/www.wearegecom.com\/ca\/retail-builders-ca-2\/","og_locale":"ca_ES","og_type":"article","og_title":"Retail Builders Barcelona | GECOM","og_description":"GECOM \u00c9S UNA EMPRESA CONSTRUCTORA MULTIDISCIPLIN\u00c0RIA ESPECIALITZADA EN PROJECTES DE RETAIL, D'OFICINES CORPORATIVES I D'HOTELS, AMB SEU A BARCELONA I","og_url":"https:\/\/www.wearegecom.com\/ca\/retail-builders-ca-2\/","og_site_name":"GECOM","article_modified_time":"2024-02-26T15:01:35+00:00","twitter_card":"summary_large_image","twitter_misc":{"Temps estimat de lectura":"1 minut"},"schema":{"@context":"https:\/\/schema.org","@graph":[{"@type":"WebPage","@id":"https:\/\/www.wearegecom.com\/ca\/retail-builders-ca-2\/","url":"https:\/\/www.wearegecom.com\/ca\/retail-builders-ca-2\/","name":"Retail Builders Barcelona | GECOM","isPartOf":{"@id":"https:\/\/www.wearegecom.com\/es\/#website"},"datePublished":"2019-05-13T14:07:32+00:00","dateModified":"2024-02-26T15:01:35+00:00","description":"GECOM \u00c9S UNA EMPRESA CONSTRUCTORA MULTIDISCIPLIN\u00c0RIA ESPECIALITZADA EN PROJECTES DE RETAIL, D'OFICINES CORPORATIVES I D'HOTELS, AMB SEU A BARCELONA I","breadcrumb":{"@id":"https:\/\/www.wearegecom.com\/ca\/retail-builders-ca-2\/#breadcrumb"},"inLanguage":"ca","potentialAction":[{"@type":"ReadAction","target":["https:\/\/www.wearegecom.com\/ca\/retail-builders-ca-2\/"]}]},{"@type":"BreadcrumbList","@id":"https:\/\/www.wearegecom.com\/ca\/retail-builders-ca-2\/#breadcrumb","itemListElement":[{"@type":"ListItem","position":1,"name":"Home","item":"https:\/\/www.wearegecom.com\/ca\/"},{"@type":"ListItem","position":2,"name":"Retail Builders"}]},{"@type":"WebSite","@id":"https:\/\/www.wearegecom.com\/es\/#website","url":"https:\/\/www.wearegecom.com\/es\/","name":"GECOM","description":"We are Design Builders","publisher":{"@id":"https:\/\/www.wearegecom.com\/es\/#organization"},"potentialAction":[{"@type":"SearchAction","target":{"@type":"EntryPoint","urlTemplate":"https:\/\/www.wearegecom.com\/es\/?s={search_term_string}"},"query-input":{"@type":"PropertyValueSpecification","valueRequired":true,"valueName":"search_term_string"}}],"inLanguage":"ca"},{"@type":"Organization","@id":"https:\/\/www.wearegecom.com\/es\/#organization","name":"Wearegecom","url":"https:\/\/www.wearegecom.com\/es\/","logo":{"@type":"ImageObject","inLanguage":"ca","@id":"https:\/\/www.wearegecom.com\/es\/#\/schema\/logo\/image\/","url":"https:\/\/www.wearegecom.com\/wp-content\/uploads\/2017\/03\/otro-logo-gecom.png","contentUrl":"https:\/\/www.wearegecom.com\/wp-content\/uploads\/2017\/03\/otro-logo-gecom.png","width":175,"height":97,"caption":"Wearegecom"},"image":{"@id":"https:\/\/www.wearegecom.com\/es\/#\/schema\/logo\/image\/"}}]}},"_links":{"self":[{"href":"https:\/\/www.wearegecom.com\/ca\/wp-json\/wp\/v2\/pages\/10041","targetHints":{"allow":["GET"]}}],"collection":[{"href":"https:\/\/www.wearegecom.com\/ca\/wp-json\/wp\/v2\/pages"}],"about":[{"href":"https:\/\/www.wearegecom.com\/ca\/wp-json\/wp\/v2\/types\/page"}],"author":[{"embeddable":true,"href":"https:\/\/www.wearegecom.com\/ca\/wp-json\/wp\/v2\/users\/1"}],"replies":[{"embeddable":true,"href":"https:\/\/www.wearegecom.com\/ca\/wp-json\/wp\/v2\/comments?post=10041"}],"version-history":[{"count":22,"href":"https:\/\/www.wearegecom.com\/ca\/wp-json\/wp\/v2\/pages\/10041\/revisions"}],"predecessor-version":[{"id":14420,"href":"https:\/\/www.wearegecom.com\/ca\/wp-json\/wp\/v2\/pages\/10041\/revisions\/14420"}],"wp:attachment":[{"href":"https:\/\/www.wearegecom.com\/ca\/wp-json\/wp\/v2\/media?parent=10041"}],"curies":[{"name":"wp","href":"https:\/\/api.w.org\/{rel}","templated":true}]}}